{"id":26594,"date":"2026-03-14T16:16:14","date_gmt":"2026-03-14T19:16:14","guid":{"rendered":"https:\/\/farmaciaschilespa.cl\/?post_type=product&#038;p=26594"},"modified":"2026-04-29T10:18:16","modified_gmt":"2026-04-29T14:18:16","slug":"abrilar-hedera-helix-jarabe-100ml","status":"publish","type":"product","link":"https:\/\/farmaciaschilespa.cl\/index.php\/producto\/abrilar-hedera-helix-jarabe-100ml\/","title":{"rendered":"ABRILAR HEDERA HELIX JARABE 100ML"},"content":{"rendered":"<p><strong>ABRILAR<\/strong> es una soluci\u00f3n expectorante de origen natural, cuya sustancia activa aislada y purificada de la Hedera helix (hoja de hiedra), la cual es responsable de su triple acci\u00f3n terap\u00e9utica: mucol\u00edtico, broncoespasmol\u00edtico y antitus\u00edgeno. Esta triple acci\u00f3n terap\u00e9utica explica su eficacia, en el tratamiento de las enfermedades bronquiales inflamatorias que cursan con tos, aumento de las secreciones mucosas y obstrucci\u00f3n de la v\u00eda a\u00e9rea al mejorar objetivamente par\u00e1metros de la funci\u00f3n respiratoria.<\/p>\n<p>La propiedad mucol\u00edtica de ABRILAR permite disminuir la viscosidad y fluidificar las secreciones bronquiales. Respecto a su propiedad broncoespasmol\u00edtica o broncodilatadora, permite relajar y aumentar el di\u00e1metro bronquial, posee adem\u00e1s una propiedad antiinflamatoria ejercida sobre los macr\u00f3fagos de las v\u00edas a\u00e9reas.<\/p>\n<p>En definitiva, ABRILAR gracias a sus propiedades mucol\u00edtica, broncodilatadora y antiinflamatoria genera como consecuencia su propiedad antitusiva, disminuyendo la intensidad y frecuencia de la tos, la que va desapareciendo gradualmente de manera fisiol\u00f3gica, sin necesidad de bloquear este reflejo defensivo a nivel central.<\/p>\n<p>&nbsp;<\/p>\n","protected":false},"excerpt":{"rendered":"<p>Cada Estuche Contiene: Hedera Helix 35 mg\/5 mL<\/p>\n","protected":false},"featured_media":26595,"template":"","meta":{"_acf_changed":false},"product_brand":[],"product_cat":[1989,1646],"product_tag":[],"class_list":{"0":"post-26594","1":"product","2":"type-product","3":"status-publish","4":"has-post-thumbnail","6":"product_cat-suplementos-y-naturales","7":"product_cat-venta-directa","9":"first","10":"instock","11":"sale","12":"shipping-taxable","13":"purchasable","14":"product-type-simple"},"acf":[],"_links":{"self":[{"href":"https:\/\/farmaciaschilespa.cl\/index.php\/wp-json\/wp\/v2\/product\/26594","targetHints":{"allow":["GET"]}}],"collection":[{"href":"https:\/\/farmaciaschilespa.cl\/index.php\/wp-json\/wp\/v2\/product"}],"about":[{"href":"https:\/\/farmaciaschilespa.cl\/index.php\/wp-json\/wp\/v2\/types\/product"}],"wp:featuredmedia":[{"embeddable":true,"href":"https:\/\/farmaciaschilespa.cl\/index.php\/wp-json\/wp\/v2\/media\/26595"}],"wp:attachment":[{"href":"https:\/\/farmaciaschilespa.cl\/index.php\/wp-json\/wp\/v2\/media?parent=26594"}],"wp:term":[{"taxonomy":"product_brand","embeddable":true,"href":"https:\/\/farmaciaschilespa.cl\/index.php\/wp-json\/wp\/v2\/product_brand?post=26594"},{"taxonomy":"product_cat","embeddable":true,"href":"https:\/\/farmaciaschilespa.cl\/index.php\/wp-json\/wp\/v2\/product_cat?post=26594"},{"taxonomy":"product_tag","embeddable":true,"href":"https:\/\/farmaciaschilespa.cl\/index.php\/wp-json\/wp\/v2\/product_tag?post=26594"}],"curies":[{"name":"wp","href":"https:\/\/api.w.org\/{rel}","templated":true}]}}