{"id":25582,"date":"2025-07-29T12:48:19","date_gmt":"2025-07-29T16:48:19","guid":{"rendered":"https:\/\/farmaciaschilespa.cl\/?post_type=product&#038;p=25582"},"modified":"2026-04-29T10:19:05","modified_gmt":"2026-04-29T14:19:05","slug":"cavilon-3m-pelicula-protectora-sin-alcohol-spray-28-ml","status":"publish","type":"product","link":"https:\/\/farmaciaschilespa.cl\/index.php\/producto\/cavilon-3m-pelicula-protectora-sin-alcohol-spray-28-ml\/","title":{"rendered":"Cavilon 3M Pel\u00edcula Protectora sin Alcohol Spray 28 ml"},"content":{"rendered":"<p>Cavilon\u00a0<b>es un protector cut\u00e1neo sin alcohol, crea una capa fina que recubre la piel protegi\u00e9ndola de cualquier fluido, contacto o fricci\u00f3n externa durante 72h<\/b>. Es transparente y transpirable. Se puede aplicar en pieles irritadas. Formato Spray 28 ml.<\/p>\n<p>Se aplica 2-3 veces al d\u00eda en pieles sanas como medida preventiva y hasta 3-4 veces al d\u00eda en pieles da\u00f1adas o con incontinencia severa. Se<span data-huuid=\"13316763363364749369\"> aplica a unos 10-15 cm de distancia, asegur\u00e1ndose de cubrir toda el \u00e1rea de riesgo, y se deja secar durante 30 segundos antes de cubrir la piel.<\/span><\/p>\n","protected":false},"excerpt":{"rendered":"<p>Envase spray contiene 28ml de liquido protector.<\/p>\n","protected":false},"featured_media":25583,"template":"","meta":{"_acf_changed":false},"product_brand":[],"product_cat":[1988,1920,1819,1646],"product_tag":[],"class_list":{"0":"post-25582","1":"product","2":"type-product","3":"status-publish","4":"has-post-thumbnail","6":"product_cat-venta-directa-otc","7":"product_cat-marca","8":"product_cat-insumos-medicos","9":"product_cat-venta-directa","11":"first","12":"instock","13":"sale","14":"shipping-taxable","15":"purchasable","16":"product-type-simple"},"acf":[],"_links":{"self":[{"href":"https:\/\/farmaciaschilespa.cl\/index.php\/wp-json\/wp\/v2\/product\/25582","targetHints":{"allow":["GET"]}}],"collection":[{"href":"https:\/\/farmaciaschilespa.cl\/index.php\/wp-json\/wp\/v2\/product"}],"about":[{"href":"https:\/\/farmaciaschilespa.cl\/index.php\/wp-json\/wp\/v2\/types\/product"}],"wp:featuredmedia":[{"embeddable":true,"href":"https:\/\/farmaciaschilespa.cl\/index.php\/wp-json\/wp\/v2\/media\/25583"}],"wp:attachment":[{"href":"https:\/\/farmaciaschilespa.cl\/index.php\/wp-json\/wp\/v2\/media?parent=25582"}],"wp:term":[{"taxonomy":"product_brand","embeddable":true,"href":"https:\/\/farmaciaschilespa.cl\/index.php\/wp-json\/wp\/v2\/product_brand?post=25582"},{"taxonomy":"product_cat","embeddable":true,"href":"https:\/\/farmaciaschilespa.cl\/index.php\/wp-json\/wp\/v2\/product_cat?post=25582"},{"taxonomy":"product_tag","embeddable":true,"href":"https:\/\/farmaciaschilespa.cl\/index.php\/wp-json\/wp\/v2\/product_tag?post=25582"}],"curies":[{"name":"wp","href":"https:\/\/api.w.org\/{rel}","templated":true}]}}