{"id":25406,"date":"2025-06-25T16:36:43","date_gmt":"2025-06-25T20:36:43","guid":{"rendered":"https:\/\/farmaciaschilespa.cl\/index.php\/producto\/probiotico-pylorioff-40-billones-x30-caps\/"},"modified":"2026-05-01T13:03:19","modified_gmt":"2026-05-01T17:03:19","slug":"probiotico-pylorioff-40-billones-x30-caps","status":"publish","type":"product","link":"https:\/\/farmaciaschilespa.cl\/index.php\/producto\/probiotico-pylorioff-40-billones-x30-caps\/","title":{"rendered":"NUP Probi\u00f3tico Pylorioff 40 Billones x 30 caps"},"content":{"rendered":"<p style=\"text-align: left;\"><span style=\"color: #ff0000;\"><strong>SUPLEMENTO ALIMENTICIO CON PROBI\u00d3TICOS, VITAMINAS Y MINERALES PARA CONSUMO HUMANO.<\/strong><\/span><\/p>\n<p>Las c\u00e1psulas de NUP!\u00aePYLORI OFF son una excelente fuente de probi\u00f3ticos, vitaminas y minerales para nuestro organismo. Este suplemento alimenticio contiene m\u00e1s de 40 billones de la cepa probi\u00f3tica patentada UCO-979C validada cientificamente contra el pat\u00f3geno Helicobacter Pylori. Adem\u00e1s est\u00e1 fortificado con vitaminas y minerales, como vitamina D2, zinc y magnesio, ideales para mejorar la permeabilidad intestinal y reforzar la primera barrera de forma natural contra organismos pat\u00f3genos. NUP!\u00aePYLORI OFF SON 3 SUPLEMENTOS EN 1!, apto para celiacos, veganos e intolerantes a la lactosa<\/p>\n<p style=\"text-align: center;\"><span style=\"color: #ff0000;\"><strong>BENEFICIOS DE LOS PROBI\u00d3TICOS DEL PRODUCTO<\/strong><\/span><br \/>\n&#8211; Capacidad de inhibir fuertemente la colonizaci\u00f3n de H. pylori.<br \/>\n&#8211; Modular la respuesta inmune para responder eficientemente a la infecci\u00f3n causada por H. pylori. (aumentar la respuesta antiinflamatoria y disminuir la respuesta proinflamatoria).<br \/>\n&#8211; Fuerte adherencia a la mucosa gastrointestinal (le permite competir contra agentes pat\u00f3genos como H. pylori por los sitios deocupaci\u00f3n).<br \/>\n&#8211; Mejora significativamente los h\u00e1bitos alimentarios saludables.<br \/>\n&#8211; Presenta actividad anticancer\u00edgena (actividad citot\u00f3xica) en l\u00edneas celulares cancer\u00edgenas del tracto gastrointestinal y sobre otras l\u00edneas celulares tumorales (adenocarcinoma g\u00e1strico,adenocarcinoma de colon y carcinoma colorrectal humano).<\/p>\n<p style=\"text-align: center;\"><span style=\"color: #ff0000;\"><strong>INGREDIENTES FUNCIONALES<\/strong><\/span><\/p>\n<p style=\"text-align: center;\">Fibra de achicoria, magnesio, zinc, vitamina B9 (\u00e1cido f\u00f3lico), vitamina D2 (ergocalciferol) y Lactobacillus fermentum UCO-979C.<\/p>\n<p>&nbsp;<\/p>\n","protected":false},"excerpt":{"rendered":"<p>Cada C\u00e1psula Contiene: \u00a0Lactobacillus fermentum LV105\/Multivitam\u00ednico\/Multimineral 40&#215;10*9 UFC<\/p>\n","protected":false},"featured_media":25407,"template":"","meta":{"_acf_changed":false},"product_brand":[],"product_cat":[1989,1988,1920,1646],"product_tag":[],"class_list":{"0":"post-25406","1":"product","2":"type-product","3":"status-publish","4":"has-post-thumbnail","6":"product_cat-suplementos-y-naturales","7":"product_cat-venta-directa-otc","8":"product_cat-marca","9":"product_cat-venta-directa","11":"first","12":"instock","13":"sale","14":"shipping-taxable","15":"purchasable","16":"product-type-simple"},"acf":[],"_links":{"self":[{"href":"https:\/\/farmaciaschilespa.cl\/index.php\/wp-json\/wp\/v2\/product\/25406","targetHints":{"allow":["GET"]}}],"collection":[{"href":"https:\/\/farmaciaschilespa.cl\/index.php\/wp-json\/wp\/v2\/product"}],"about":[{"href":"https:\/\/farmaciaschilespa.cl\/index.php\/wp-json\/wp\/v2\/types\/product"}],"wp:featuredmedia":[{"embeddable":true,"href":"https:\/\/farmaciaschilespa.cl\/index.php\/wp-json\/wp\/v2\/media\/25407"}],"wp:attachment":[{"href":"https:\/\/farmaciaschilespa.cl\/index.php\/wp-json\/wp\/v2\/media?parent=25406"}],"wp:term":[{"taxonomy":"product_brand","embeddable":true,"href":"https:\/\/farmaciaschilespa.cl\/index.php\/wp-json\/wp\/v2\/product_brand?post=25406"},{"taxonomy":"product_cat","embeddable":true,"href":"https:\/\/farmaciaschilespa.cl\/index.php\/wp-json\/wp\/v2\/product_cat?post=25406"},{"taxonomy":"product_tag","embeddable":true,"href":"https:\/\/farmaciaschilespa.cl\/index.php\/wp-json\/wp\/v2\/product_tag?post=25406"}],"curies":[{"name":"wp","href":"https:\/\/api.w.org\/{rel}","templated":true}]}}