{"id":25316,"date":"2025-06-06T12:48:56","date_gmt":"2025-06-06T16:48:56","guid":{"rendered":"https:\/\/farmaciaschilespa.cl\/index.php\/producto\/nup-probiotico-complejo-b-60-billones-x30-caps\/"},"modified":"2026-03-19T12:07:22","modified_gmt":"2026-03-19T15:07:22","slug":"nup-probiotico-complejo-b-60-billones-x30-caps","status":"publish","type":"product","link":"https:\/\/farmaciaschilespa.cl\/index.php\/producto\/nup-probiotico-complejo-b-60-billones-x30-caps\/","title":{"rendered":"NUP Probi\u00f3tico + Complejo B 60 billones x30 caps"},"content":{"rendered":"","protected":false},"excerpt":{"rendered":"<p>Cada C\u00e1psula Contiene: Probi\u00f3ticos 60 Billones UFC\/ComplejoB\/Biotina\/\u00c1cido f\u00f3lico\/Inositol 60&#215;10*9 UFC<\/p>\n","protected":false},"featured_media":25410,"template":"","meta":{"_acf_changed":false},"product_brand":[],"product_cat":[1989,1988,1920,1646],"product_tag":[],"class_list":{"0":"post-25316","1":"product","2":"type-product","3":"status-publish","4":"has-post-thumbnail","6":"product_cat-suplementos-y-naturales","7":"product_cat-venta-directa-otc","8":"product_cat-marca","9":"product_cat-venta-directa","11":"first","12":"instock","13":"sale","14":"shipping-taxable","15":"purchasable","16":"product-type-simple"},"acf":[],"_links":{"self":[{"href":"https:\/\/farmaciaschilespa.cl\/index.php\/wp-json\/wp\/v2\/product\/25316","targetHints":{"allow":["GET"]}}],"collection":[{"href":"https:\/\/farmaciaschilespa.cl\/index.php\/wp-json\/wp\/v2\/product"}],"about":[{"href":"https:\/\/farmaciaschilespa.cl\/index.php\/wp-json\/wp\/v2\/types\/product"}],"wp:featuredmedia":[{"embeddable":true,"href":"https:\/\/farmaciaschilespa.cl\/index.php\/wp-json\/wp\/v2\/media\/25410"}],"wp:attachment":[{"href":"https:\/\/farmaciaschilespa.cl\/index.php\/wp-json\/wp\/v2\/media?parent=25316"}],"wp:term":[{"taxonomy":"product_brand","embeddable":true,"href":"https:\/\/farmaciaschilespa.cl\/index.php\/wp-json\/wp\/v2\/product_brand?post=25316"},{"taxonomy":"product_cat","embeddable":true,"href":"https:\/\/farmaciaschilespa.cl\/index.php\/wp-json\/wp\/v2\/product_cat?post=25316"},{"taxonomy":"product_tag","embeddable":true,"href":"https:\/\/farmaciaschilespa.cl\/index.php\/wp-json\/wp\/v2\/product_tag?post=25316"}],"curies":[{"name":"wp","href":"https:\/\/api.w.org\/{rel}","templated":true}]}}