{"id":25279,"date":"2025-06-04T15:49:10","date_gmt":"2025-06-04T19:49:10","guid":{"rendered":"https:\/\/farmaciaschilespa.cl\/index.php\/producto\/multiflora-plus-probioticos-30-capsulas\/"},"modified":"2026-04-14T11:19:47","modified_gmt":"2026-04-14T15:19:47","slug":"multiflora-plus-probioticos-30-capsulas","status":"publish","type":"product","link":"https:\/\/farmaciaschilespa.cl\/index.php\/producto\/multiflora-plus-probioticos-30-capsulas\/","title":{"rendered":"Multiflora Plus Probi\u00f3ticos 30 C\u00e1psulas"},"content":{"rendered":"","protected":false},"excerpt":{"rendered":"<p>Cada C\u00e1psula Contiene: Probi\u00f3ticos Multicepa 1&#215;10*8 UFC<\/p>\n","protected":false},"featured_media":25296,"template":"","meta":{"_acf_changed":false},"product_brand":[],"product_cat":[1989,1988,1920,1646],"product_tag":[],"class_list":{"0":"post-25279","1":"product","2":"type-product","3":"status-publish","4":"has-post-thumbnail","6":"product_cat-suplementos-y-naturales","7":"product_cat-venta-directa-otc","8":"product_cat-marca","9":"product_cat-venta-directa","11":"first","12":"instock","13":"sale","14":"shipping-taxable","15":"purchasable","16":"product-type-simple"},"acf":[],"_links":{"self":[{"href":"https:\/\/farmaciaschilespa.cl\/index.php\/wp-json\/wp\/v2\/product\/25279","targetHints":{"allow":["GET"]}}],"collection":[{"href":"https:\/\/farmaciaschilespa.cl\/index.php\/wp-json\/wp\/v2\/product"}],"about":[{"href":"https:\/\/farmaciaschilespa.cl\/index.php\/wp-json\/wp\/v2\/types\/product"}],"wp:featuredmedia":[{"embeddable":true,"href":"https:\/\/farmaciaschilespa.cl\/index.php\/wp-json\/wp\/v2\/media\/25296"}],"wp:attachment":[{"href":"https:\/\/farmaciaschilespa.cl\/index.php\/wp-json\/wp\/v2\/media?parent=25279"}],"wp:term":[{"taxonomy":"product_brand","embeddable":true,"href":"https:\/\/farmaciaschilespa.cl\/index.php\/wp-json\/wp\/v2\/product_brand?post=25279"},{"taxonomy":"product_cat","embeddable":true,"href":"https:\/\/farmaciaschilespa.cl\/index.php\/wp-json\/wp\/v2\/product_cat?post=25279"},{"taxonomy":"product_tag","embeddable":true,"href":"https:\/\/farmaciaschilespa.cl\/index.php\/wp-json\/wp\/v2\/product_tag?post=25279"}],"curies":[{"name":"wp","href":"https:\/\/api.w.org\/{rel}","templated":true}]}}