{"id":25277,"date":"2025-06-04T15:49:08","date_gmt":"2025-06-04T19:49:08","guid":{"rendered":"https:\/\/farmaciaschilespa.cl\/index.php\/producto\/multiflora-advance-30-capsulas\/"},"modified":"2026-04-15T10:09:49","modified_gmt":"2026-04-15T14:09:49","slug":"multiflora-advance-30-capsulas","status":"publish","type":"product","link":"https:\/\/farmaciaschilespa.cl\/index.php\/producto\/multiflora-advance-30-capsulas\/","title":{"rendered":"Multiflora Advance &#8211; 30 C\u00e1psulas"},"content":{"rendered":"","protected":false},"excerpt":{"rendered":"<p>Cada C\u00e1psula Contiene: Probi\u00f3ticos Multicepa 2&#215;10*9 UFC<\/p>\n","protected":false},"featured_media":25294,"template":"","meta":{"_acf_changed":false},"product_brand":[],"product_cat":[1989,1988,1920,1646],"product_tag":[],"class_list":{"0":"post-25277","1":"product","2":"type-product","3":"status-publish","4":"has-post-thumbnail","6":"product_cat-suplementos-y-naturales","7":"product_cat-venta-directa-otc","8":"product_cat-marca","9":"product_cat-venta-directa","11":"first","12":"outofstock","13":"sale","14":"shipping-taxable","15":"purchasable","16":"product-type-simple"},"acf":[],"_links":{"self":[{"href":"https:\/\/farmaciaschilespa.cl\/index.php\/wp-json\/wp\/v2\/product\/25277","targetHints":{"allow":["GET"]}}],"collection":[{"href":"https:\/\/farmaciaschilespa.cl\/index.php\/wp-json\/wp\/v2\/product"}],"about":[{"href":"https:\/\/farmaciaschilespa.cl\/index.php\/wp-json\/wp\/v2\/types\/product"}],"wp:featuredmedia":[{"embeddable":true,"href":"https:\/\/farmaciaschilespa.cl\/index.php\/wp-json\/wp\/v2\/media\/25294"}],"wp:attachment":[{"href":"https:\/\/farmaciaschilespa.cl\/index.php\/wp-json\/wp\/v2\/media?parent=25277"}],"wp:term":[{"taxonomy":"product_brand","embeddable":true,"href":"https:\/\/farmaciaschilespa.cl\/index.php\/wp-json\/wp\/v2\/product_brand?post=25277"},{"taxonomy":"product_cat","embeddable":true,"href":"https:\/\/farmaciaschilespa.cl\/index.php\/wp-json\/wp\/v2\/product_cat?post=25277"},{"taxonomy":"product_tag","embeddable":true,"href":"https:\/\/farmaciaschilespa.cl\/index.php\/wp-json\/wp\/v2\/product_tag?post=25277"}],"curies":[{"name":"wp","href":"https:\/\/api.w.org\/{rel}","templated":true}]}}