{"id":24305,"date":"2025-01-30T15:08:02","date_gmt":"2025-01-30T18:08:02","guid":{"rendered":"https:\/\/farmaciaschilespa.cl\/index.php\/producto\/aerogastrol-cap-20\/"},"modified":"2026-04-21T09:11:09","modified_gmt":"2026-04-21T13:11:09","slug":"aerogastrol-cap-20","status":"publish","type":"product","link":"https:\/\/farmaciaschilespa.cl\/index.php\/producto\/aerogastrol-cap-20\/","title":{"rendered":"Aero-Gastrol Simeticona 20 C\u00e1psulas"},"content":{"rendered":"","protected":false},"excerpt":{"rendered":"<p>Cada C\u00e1psula Contiene: Clordiazep\u00f3xido\/Metoclopramida\/Simeticona 5\/5\/100 mg<\/p>\n","protected":false},"featured_media":24318,"template":"","meta":{"_acf_changed":false},"product_brand":[],"product_cat":[1920,1647,15],"product_tag":[],"class_list":{"0":"post-24305","1":"product","2":"type-product","3":"status-publish","4":"has-post-thumbnail","6":"product_cat-marca","7":"product_cat-receta-simple","8":"product_cat-medicamentos","10":"first","11":"instock","12":"sale","13":"shipping-taxable","14":"purchasable","15":"product-type-simple"},"acf":[],"_links":{"self":[{"href":"https:\/\/farmaciaschilespa.cl\/index.php\/wp-json\/wp\/v2\/product\/24305","targetHints":{"allow":["GET"]}}],"collection":[{"href":"https:\/\/farmaciaschilespa.cl\/index.php\/wp-json\/wp\/v2\/product"}],"about":[{"href":"https:\/\/farmaciaschilespa.cl\/index.php\/wp-json\/wp\/v2\/types\/product"}],"wp:featuredmedia":[{"embeddable":true,"href":"https:\/\/farmaciaschilespa.cl\/index.php\/wp-json\/wp\/v2\/media\/24318"}],"wp:attachment":[{"href":"https:\/\/farmaciaschilespa.cl\/index.php\/wp-json\/wp\/v2\/media?parent=24305"}],"wp:term":[{"taxonomy":"product_brand","embeddable":true,"href":"https:\/\/farmaciaschilespa.cl\/index.php\/wp-json\/wp\/v2\/product_brand?post=24305"},{"taxonomy":"product_cat","embeddable":true,"href":"https:\/\/farmaciaschilespa.cl\/index.php\/wp-json\/wp\/v2\/product_cat?post=24305"},{"taxonomy":"product_tag","embeddable":true,"href":"https:\/\/farmaciaschilespa.cl\/index.php\/wp-json\/wp\/v2\/product_tag?post=24305"}],"curies":[{"name":"wp","href":"https:\/\/api.w.org\/{rel}","templated":true}]}}