{"id":24291,"date":"2025-01-30T15:07:42","date_gmt":"2025-01-30T18:07:42","guid":{"rendered":"https:\/\/farmaciaschilespa.cl\/index.php\/producto\/oralne-10mg-x-30-caps-blandas\/"},"modified":"2026-04-21T09:14:38","modified_gmt":"2026-04-21T13:14:38","slug":"oralne-10mg-x-30-caps-blandas","status":"publish","type":"product","link":"https:\/\/farmaciaschilespa.cl\/index.php\/producto\/oralne-10mg-x-30-caps-blandas\/","title":{"rendered":"Oralne (B) Isotretino\u00edna 10mg 30 C\u00e1psulas"},"content":{"rendered":"","protected":false},"excerpt":{"rendered":"<p>Cada C\u00e1psula Blanda Contiene: Isotretino\u00edna 10 mg<\/p>\n","protected":false},"featured_media":24320,"template":"","meta":{"_acf_changed":false},"product_brand":[],"product_cat":[1920,1648,15],"product_tag":[],"class_list":{"0":"post-24291","1":"product","2":"type-product","3":"status-publish","4":"has-post-thumbnail","6":"product_cat-marca","7":"product_cat-receta-retenida","8":"product_cat-medicamentos","10":"first","11":"instock","12":"sale","13":"shipping-taxable","14":"purchasable","15":"product-type-simple"},"acf":[],"_links":{"self":[{"href":"https:\/\/farmaciaschilespa.cl\/index.php\/wp-json\/wp\/v2\/product\/24291","targetHints":{"allow":["GET"]}}],"collection":[{"href":"https:\/\/farmaciaschilespa.cl\/index.php\/wp-json\/wp\/v2\/product"}],"about":[{"href":"https:\/\/farmaciaschilespa.cl\/index.php\/wp-json\/wp\/v2\/types\/product"}],"wp:featuredmedia":[{"embeddable":true,"href":"https:\/\/farmaciaschilespa.cl\/index.php\/wp-json\/wp\/v2\/media\/24320"}],"wp:attachment":[{"href":"https:\/\/farmaciaschilespa.cl\/index.php\/wp-json\/wp\/v2\/media?parent=24291"}],"wp:term":[{"taxonomy":"product_brand","embeddable":true,"href":"https:\/\/farmaciaschilespa.cl\/index.php\/wp-json\/wp\/v2\/product_brand?post=24291"},{"taxonomy":"product_cat","embeddable":true,"href":"https:\/\/farmaciaschilespa.cl\/index.php\/wp-json\/wp\/v2\/product_cat?post=24291"},{"taxonomy":"product_tag","embeddable":true,"href":"https:\/\/farmaciaschilespa.cl\/index.php\/wp-json\/wp\/v2\/product_tag?post=24291"}],"curies":[{"name":"wp","href":"https:\/\/api.w.org\/{rel}","templated":true}]}}