{"id":20219,"date":"2022-12-30T15:44:30","date_gmt":"2022-12-30T18:44:30","guid":{"rendered":"https:\/\/farmaciaschilespa.cl\/index.php\/producto\/heel-neurexan-50-comprimidos-sublinguales\/"},"modified":"2026-04-10T09:01:10","modified_gmt":"2026-04-10T13:01:10","slug":"heel-neurexan-50-comprimidos-sublinguales","status":"publish","type":"product","link":"https:\/\/farmaciaschilespa.cl\/index.php\/producto\/heel-neurexan-50-comprimidos-sublinguales\/","title":{"rendered":"HEEL NEUREXAN 50 COMPRIMIDOS SUBLING\u00dcALES"},"content":{"rendered":"<p>Posolog\u00eda<br \/>\nDisolver 1 comprimido sublingual 1 a 3 veces al d\u00eda. En estados agudos, administrar 1 comprimido cada \u00bd a 1 hora, m\u00e1ximo 12 veces al d\u00eda, para luego continuar con 1 comprimido 1 a 3 veces al d\u00eda.<\/p>\n<p>Precauciones y advertencias<br \/>\nNo use dosis mayores ni por m\u00e1s que el recomendado. Si luego de 14 d\u00edas de tratamiento, los s\u00edntomas persisten o empeoran, consultar a un medico. Con el uso de medicamentos homeop\u00e1ticos se puede producir una agravaci\u00f3n inicial de los s\u00edntomas existentes, en cuyo caso debe suspender la administraci\u00f3n del medicamento y consultar al m\u00e9dico. En ni\u00f1os menores de 12 a\u00f1os, mujeres embarazadas y en periodo de lactancia, \u00fasese bajo supervisi\u00f3n m\u00e9dica. No use este medicamento por m\u00e1s de 30 d\u00edas consecutivos, a no ser que se encuentre bajo supervisi\u00f3n m\u00e9dica.<\/p>\n","protected":false},"excerpt":{"rendered":"<p>Cada comprimido contiene:<br \/>\nPassiflora incarnata D2 0,6 mg; Avena sativa D2 0,6 mg; Coffea arabica D12 0,6 mg; Zincum isovalerianicum D4 0,6 mg. Excipientes: Estearato de magnesio, lactosa.<\/p>\n","protected":false},"featured_media":20201,"template":"","meta":{"_acf_changed":false},"product_brand":[],"product_cat":[1920,1646,15],"product_tag":[],"class_list":{"0":"post-20219","1":"product","2":"type-product","3":"status-publish","4":"has-post-thumbnail","6":"product_cat-marca","7":"product_cat-venta-directa","8":"product_cat-medicamentos","9":"pa_aviso-legal-descripcion","10":"pa_sub-categoria-laboratorio-heel","12":"first","13":"instock","14":"sale","15":"shipping-taxable","16":"purchasable","17":"product-type-simple"},"acf":[],"_links":{"self":[{"href":"https:\/\/farmaciaschilespa.cl\/index.php\/wp-json\/wp\/v2\/product\/20219","targetHints":{"allow":["GET"]}}],"collection":[{"href":"https:\/\/farmaciaschilespa.cl\/index.php\/wp-json\/wp\/v2\/product"}],"about":[{"href":"https:\/\/farmaciaschilespa.cl\/index.php\/wp-json\/wp\/v2\/types\/product"}],"wp:featuredmedia":[{"embeddable":true,"href":"https:\/\/farmaciaschilespa.cl\/index.php\/wp-json\/wp\/v2\/media\/20201"}],"wp:attachment":[{"href":"https:\/\/farmaciaschilespa.cl\/index.php\/wp-json\/wp\/v2\/media?parent=20219"}],"wp:term":[{"taxonomy":"product_brand","embeddable":true,"href":"https:\/\/farmaciaschilespa.cl\/index.php\/wp-json\/wp\/v2\/product_brand?post=20219"},{"taxonomy":"product_cat","embeddable":true,"href":"https:\/\/farmaciaschilespa.cl\/index.php\/wp-json\/wp\/v2\/product_cat?post=20219"},{"taxonomy":"product_tag","embeddable":true,"href":"https:\/\/farmaciaschilespa.cl\/index.php\/wp-json\/wp\/v2\/product_tag?post=20219"}],"curies":[{"name":"wp","href":"https:\/\/api.w.org\/{rel}","templated":true}]}}