{"id":20211,"date":"2022-12-30T15:43:54","date_gmt":"2022-12-30T18:43:54","guid":{"rendered":"https:\/\/farmaciaschilespa.cl\/index.php\/producto\/heel-engystol-50-comprimidos-sublinguales\/"},"modified":"2026-04-29T10:21:11","modified_gmt":"2026-04-29T14:21:11","slug":"heel-engystol-50-comprimidos-sublinguales","status":"publish","type":"product","link":"https:\/\/farmaciaschilespa.cl\/index.php\/producto\/heel-engystol-50-comprimidos-sublinguales\/","title":{"rendered":"HEEL ENGYSTOL 50 COMPRIMIDOS SUBLING\u00dcALES"},"content":{"rendered":"<p>Posolog\u00eda<br \/>\nEn general, dejar disolver lentamente bajo la lengua 1 comprimido 3 veces al d\u00eda por 2 semanas o hasta desaparici\u00f3n de los s\u00edntomas. Posolog\u00eda: Grupo de edad Ni\u00f1os 1-6 a\u00f1os Dosis normal Previa consulta al m\u00e9dico disolver bajo la lengua,\u00bd comprimido 3 veces al dia.<\/p>\n<p>Precauciones y advertencias<br \/>\nEs importante que, quienes hayan presentado sensibilidad o alergias ante alguno de sus componentes, no se traten con Engystol. Se recomienda que los pacientes diagnosticados con diabetes y las personas hipersensibles o intolerantes a la lactosa no tomen Engystol a menos que sea prescrito por su m\u00e9dico facultativo.<\/p>\n","protected":false},"excerpt":{"rendered":"<p>Cada comprimido sublingual contiene: Vincetoxicum hirundinaria D6 75 mg; Vincetoxicum hirundinaria D10 75 mg; Vincetoxicum hirundinaria D30 75 mg; Sulfur D4 37,5 mg; Sulfur D10 37,5 mg.<\/p>\n","protected":false},"featured_media":20203,"template":"","meta":{"_acf_changed":false},"product_brand":[],"product_cat":[1920,1646,15],"product_tag":[],"class_list":{"0":"post-20211","1":"product","2":"type-product","3":"status-publish","4":"has-post-thumbnail","6":"product_cat-marca","7":"product_cat-venta-directa","8":"product_cat-medicamentos","9":"pa_aviso-legal-descripcion","10":"pa_sub-categoria-laboratorio-heel","12":"first","13":"instock","14":"sale","15":"shipping-taxable","16":"purchasable","17":"product-type-simple"},"acf":[],"_links":{"self":[{"href":"https:\/\/farmaciaschilespa.cl\/index.php\/wp-json\/wp\/v2\/product\/20211","targetHints":{"allow":["GET"]}}],"collection":[{"href":"https:\/\/farmaciaschilespa.cl\/index.php\/wp-json\/wp\/v2\/product"}],"about":[{"href":"https:\/\/farmaciaschilespa.cl\/index.php\/wp-json\/wp\/v2\/types\/product"}],"wp:featuredmedia":[{"embeddable":true,"href":"https:\/\/farmaciaschilespa.cl\/index.php\/wp-json\/wp\/v2\/media\/20203"}],"wp:attachment":[{"href":"https:\/\/farmaciaschilespa.cl\/index.php\/wp-json\/wp\/v2\/media?parent=20211"}],"wp:term":[{"taxonomy":"product_brand","embeddable":true,"href":"https:\/\/farmaciaschilespa.cl\/index.php\/wp-json\/wp\/v2\/product_brand?post=20211"},{"taxonomy":"product_cat","embeddable":true,"href":"https:\/\/farmaciaschilespa.cl\/index.php\/wp-json\/wp\/v2\/product_cat?post=20211"},{"taxonomy":"product_tag","embeddable":true,"href":"https:\/\/farmaciaschilespa.cl\/index.php\/wp-json\/wp\/v2\/product_tag?post=20211"}],"curies":[{"name":"wp","href":"https:\/\/api.w.org\/{rel}","templated":true}]}}