{"id":20196,"date":"2022-12-30T14:40:43","date_gmt":"2022-12-30T17:40:43","guid":{"rendered":"https:\/\/farmaciaschilespa.cl\/index.php\/producto\/gastroaliv-262-5mg-15ml-240-ml\/"},"modified":"2026-05-05T10:07:31","modified_gmt":"2026-05-05T14:07:31","slug":"gastroaliv-262-5mg-15ml-240-ml","status":"publish","type":"product","link":"https:\/\/farmaciaschilespa.cl\/index.php\/producto\/gastroaliv-262-5mg-15ml-240-ml\/","title":{"rendered":"GASTROALIV 262.5MG\/15ML 240 ML"},"content":{"rendered":"<p>Posolog\u00eda<br \/>\nAdultos y ni\u00f1os mayores a 12 a\u00f1os: 30 ml (6 cucharaditas de 5 ml). Repetir dosis cada media hora a 1 hora si es necesario. No tomar m\u00e1s de 8 dosis en 24 horas (48 cucharaditas de 5 ml \u00f3 240 ml). No exceda la dosis recomendada.<\/p>\n<p>Precauciones y advertencias<br \/>\nPrecauci\u00f3n en Insuficiencia hep\u00e1tica<\/p>\n","protected":false},"excerpt":{"rendered":"<p>Por cada cucharada de 15 ml contiene: Subsalicilato de Bismuto 262.5mg<\/p>\n","protected":false},"featured_media":20165,"template":"","meta":{"_acf_changed":false},"product_brand":[],"product_cat":[1920,1646,15],"product_tag":[],"class_list":{"0":"post-20196","1":"product","2":"type-product","3":"status-publish","4":"has-post-thumbnail","6":"product_cat-marca","7":"product_cat-venta-directa","8":"product_cat-medicamentos","9":"pa_aviso-legal-descripcion","10":"pa_sub-categoria-laboratorio-maver","12":"first","13":"instock","14":"sale","15":"shipping-taxable","16":"purchasable","17":"product-type-simple"},"acf":[],"_links":{"self":[{"href":"https:\/\/farmaciaschilespa.cl\/index.php\/wp-json\/wp\/v2\/product\/20196","targetHints":{"allow":["GET"]}}],"collection":[{"href":"https:\/\/farmaciaschilespa.cl\/index.php\/wp-json\/wp\/v2\/product"}],"about":[{"href":"https:\/\/farmaciaschilespa.cl\/index.php\/wp-json\/wp\/v2\/types\/product"}],"wp:featuredmedia":[{"embeddable":true,"href":"https:\/\/farmaciaschilespa.cl\/index.php\/wp-json\/wp\/v2\/media\/20165"}],"wp:attachment":[{"href":"https:\/\/farmaciaschilespa.cl\/index.php\/wp-json\/wp\/v2\/media?parent=20196"}],"wp:term":[{"taxonomy":"product_brand","embeddable":true,"href":"https:\/\/farmaciaschilespa.cl\/index.php\/wp-json\/wp\/v2\/product_brand?post=20196"},{"taxonomy":"product_cat","embeddable":true,"href":"https:\/\/farmaciaschilespa.cl\/index.php\/wp-json\/wp\/v2\/product_cat?post=20196"},{"taxonomy":"product_tag","embeddable":true,"href":"https:\/\/farmaciaschilespa.cl\/index.php\/wp-json\/wp\/v2\/product_tag?post=20196"}],"curies":[{"name":"wp","href":"https:\/\/api.w.org\/{rel}","templated":true}]}}