{"id":20195,"date":"2022-12-30T14:40:38","date_gmt":"2022-12-30T17:40:38","guid":{"rendered":"https:\/\/farmaciaschilespa.cl\/index.php\/producto\/tapsin-1000-sc-20-comprimidos-recubiertos\/"},"modified":"2026-04-15T10:10:38","modified_gmt":"2026-04-15T14:10:38","slug":"tapsin-1000-sc-20-comprimidos-recubiertos","status":"publish","type":"product","link":"https:\/\/farmaciaschilespa.cl\/index.php\/producto\/tapsin-1000-sc-20-comprimidos-recubiertos\/","title":{"rendered":"TAPSIN 1000 SC 20 COMPRIMIDOS RECUBIERTOS"},"content":{"rendered":"<p>Posolog\u00eda<br \/>\nUso en adultos y adolescentes mayores de 15 a\u00f1os: la dosis habitual es de 1 comprimido (1 g de paracetamol) 3-4 veces al d\u00eda. Las tomas deben espaciarse al menos 4 horas. No se tomar\u00e1n m\u00e1s de 4 comprimidos (4 g) en 24 horas.<\/p>\n<p>Precauciones y advertencias<br \/>\nNo administrar por m\u00e1s de 5 d\u00edas en caso de dolor sin fiebre, por m\u00e1s de 3 d\u00edas en caso de fiebre o por m\u00e1s de 2 d\u00edas en caso de dolor de garganta, sin consultar antes con el m\u00e9dico. El uso prolongado y la administraci\u00f3n de altas dosis de paracetamol pueden provocar da\u00f1o hep\u00e1tico severo.<\/p>\n","protected":false},"excerpt":{"rendered":"<p>Cada comprimido contiene: Paracetamol 1 gramo<\/p>\n","protected":false},"featured_media":20152,"template":"","meta":{"_acf_changed":false},"product_brand":[],"product_cat":[1920,1646,15],"product_tag":[1906],"class_list":{"0":"post-20195","1":"product","2":"type-product","3":"status-publish","4":"has-post-thumbnail","6":"product_cat-marca","7":"product_cat-venta-directa","8":"product_cat-medicamentos","9":"product_tag-bioequivalente-45","10":"pa_aviso-legal-descripcion","11":"pa_sub-categoria-laboratorio-maver","13":"first","14":"outofstock","15":"sale","16":"shipping-taxable","17":"purchasable","18":"product-type-simple"},"acf":[],"_links":{"self":[{"href":"https:\/\/farmaciaschilespa.cl\/index.php\/wp-json\/wp\/v2\/product\/20195","targetHints":{"allow":["GET"]}}],"collection":[{"href":"https:\/\/farmaciaschilespa.cl\/index.php\/wp-json\/wp\/v2\/product"}],"about":[{"href":"https:\/\/farmaciaschilespa.cl\/index.php\/wp-json\/wp\/v2\/types\/product"}],"wp:featuredmedia":[{"embeddable":true,"href":"https:\/\/farmaciaschilespa.cl\/index.php\/wp-json\/wp\/v2\/media\/20152"}],"wp:attachment":[{"href":"https:\/\/farmaciaschilespa.cl\/index.php\/wp-json\/wp\/v2\/media?parent=20195"}],"wp:term":[{"taxonomy":"product_brand","embeddable":true,"href":"https:\/\/farmaciaschilespa.cl\/index.php\/wp-json\/wp\/v2\/product_brand?post=20195"},{"taxonomy":"product_cat","embeddable":true,"href":"https:\/\/farmaciaschilespa.cl\/index.php\/wp-json\/wp\/v2\/product_cat?post=20195"},{"taxonomy":"product_tag","embeddable":true,"href":"https:\/\/farmaciaschilespa.cl\/index.php\/wp-json\/wp\/v2\/product_tag?post=20195"}],"curies":[{"name":"wp","href":"https:\/\/api.w.org\/{rel}","templated":true}]}}