{"id":20185,"date":"2022-12-30T14:39:46","date_gmt":"2022-12-30T17:39:46","guid":{"rendered":"https:\/\/farmaciaschilespa.cl\/index.php\/producto\/tapsin-forte-20-comprimidos\/"},"modified":"2026-05-05T10:10:29","modified_gmt":"2026-05-05T14:10:29","slug":"tapsin-forte-20-comprimidos","status":"publish","type":"product","link":"https:\/\/farmaciaschilespa.cl\/index.php\/producto\/tapsin-forte-20-comprimidos\/","title":{"rendered":"TAPSIN FORTE 20 COMPRIMIDOS"},"content":{"rendered":"<p>Posolog\u00eda<br \/>\nLa cantidad recomendada en adultos es 1 a 2 comprimidos cada 6 a 8 horas.<\/p>\n<p>Precauciones y advertencias<br \/>\nNo administrar por m\u00e1s de 5 d\u00edas en caso de dolor, por m\u00e1s de 3 d\u00edas en caso de fiebre, o por m\u00e1s de 2 d\u00edas en caso de dolor de garganta, a menos que el m\u00e9dico lo se\u00f1ale. Si despu\u00e9s de usarlo por el per\u00edodo que el m\u00e9dico lo se\u00f1ale los s\u00edntomas persisten o empeoran, se debe consultar nuevamente al m\u00e9dico.<\/p>\n","protected":false},"excerpt":{"rendered":"<p>Cada comprimido contiene: Paracetamol 650 mg, Cafe\u00edna 40 mg.<\/p>\n","protected":false},"featured_media":20158,"template":"","meta":{"_acf_changed":false},"product_brand":[],"product_cat":[1920,1646,15],"product_tag":[],"class_list":{"0":"post-20185","1":"product","2":"type-product","3":"status-publish","4":"has-post-thumbnail","6":"product_cat-marca","7":"product_cat-venta-directa","8":"product_cat-medicamentos","9":"pa_aviso-legal-descripcion","10":"pa_sub-categoria-laboratorio-maver","12":"first","13":"instock","14":"sale","15":"shipping-taxable","16":"purchasable","17":"product-type-simple"},"acf":[],"_links":{"self":[{"href":"https:\/\/farmaciaschilespa.cl\/index.php\/wp-json\/wp\/v2\/product\/20185","targetHints":{"allow":["GET"]}}],"collection":[{"href":"https:\/\/farmaciaschilespa.cl\/index.php\/wp-json\/wp\/v2\/product"}],"about":[{"href":"https:\/\/farmaciaschilespa.cl\/index.php\/wp-json\/wp\/v2\/types\/product"}],"wp:featuredmedia":[{"embeddable":true,"href":"https:\/\/farmaciaschilespa.cl\/index.php\/wp-json\/wp\/v2\/media\/20158"}],"wp:attachment":[{"href":"https:\/\/farmaciaschilespa.cl\/index.php\/wp-json\/wp\/v2\/media?parent=20185"}],"wp:term":[{"taxonomy":"product_brand","embeddable":true,"href":"https:\/\/farmaciaschilespa.cl\/index.php\/wp-json\/wp\/v2\/product_brand?post=20185"},{"taxonomy":"product_cat","embeddable":true,"href":"https:\/\/farmaciaschilespa.cl\/index.php\/wp-json\/wp\/v2\/product_cat?post=20185"},{"taxonomy":"product_tag","embeddable":true,"href":"https:\/\/farmaciaschilespa.cl\/index.php\/wp-json\/wp\/v2\/product_tag?post=20185"}],"curies":[{"name":"wp","href":"https:\/\/api.w.org\/{rel}","templated":true}]}}