{"id":20184,"date":"2022-12-30T14:39:39","date_gmt":"2022-12-30T17:39:39","guid":{"rendered":"https:\/\/farmaciaschilespa.cl\/index.php\/producto\/armonyl-noche-con-manzanilla-gotas-30-ml\/"},"modified":"2026-04-15T10:07:33","modified_gmt":"2026-04-15T14:07:33","slug":"armonyl-noche-con-manzanilla-gotas-30-ml","status":"publish","type":"product","link":"https:\/\/farmaciaschilespa.cl\/index.php\/producto\/armonyl-noche-con-manzanilla-gotas-30-ml\/","title":{"rendered":"ARMONYL NOCHE CON MANZANILLA GOTAS 30 ML"},"content":{"rendered":"<p>Posolog\u00eda<br \/>\nComo sedante y para alteraciones del sistema nervioso: 1-2 c\u00e1psulas, 1-2 cucharadas, 2-3 veces al d\u00eda. Como inductor del sue\u00f1o, lo mismo en agua antes de acostarse. Como inductor del sue\u00f1o 3-6 gotas.<\/p>\n<p>Precauciones y advertencias<br \/>\nEs importante que consulte con el m\u00e9dico o farmac\u00e9utico la conveniencia de usar este medicamento si est\u00e1 tomando otros, especialmente en casos de usar antidepresivos o inductores del sue\u00f1o. En caso de requerir atenci\u00f3n m\u00e9dica por otras razones, mencionar que est\u00e1 tomando este medicamento.<\/p>\n","protected":false},"excerpt":{"rendered":"<p>Cada 100 ml de soluci\u00f3n oral para gotas contiene:<br \/>\nValeriana extracto blando 10 gramos<br \/>\nPassiflora Incarnata, extracto blando 2.5 gramos<br \/>\nManzanilla, extracto blando 2.5 gramos<\/p>\n","protected":false},"featured_media":20146,"template":"","meta":{"_acf_changed":false},"product_brand":[],"product_cat":[1920,1646,15],"product_tag":[],"class_list":{"0":"post-20184","1":"product","2":"type-product","3":"status-publish","4":"has-post-thumbnail","6":"product_cat-marca","7":"product_cat-venta-directa","8":"product_cat-medicamentos","9":"pa_aviso-legal-descripcion","10":"pa_sub-categoria-laboratorio-maver","12":"first","13":"outofstock","14":"sale","15":"shipping-taxable","16":"purchasable","17":"product-type-simple"},"acf":[],"_links":{"self":[{"href":"https:\/\/farmaciaschilespa.cl\/index.php\/wp-json\/wp\/v2\/product\/20184","targetHints":{"allow":["GET"]}}],"collection":[{"href":"https:\/\/farmaciaschilespa.cl\/index.php\/wp-json\/wp\/v2\/product"}],"about":[{"href":"https:\/\/farmaciaschilespa.cl\/index.php\/wp-json\/wp\/v2\/types\/product"}],"wp:featuredmedia":[{"embeddable":true,"href":"https:\/\/farmaciaschilespa.cl\/index.php\/wp-json\/wp\/v2\/media\/20146"}],"wp:attachment":[{"href":"https:\/\/farmaciaschilespa.cl\/index.php\/wp-json\/wp\/v2\/media?parent=20184"}],"wp:term":[{"taxonomy":"product_brand","embeddable":true,"href":"https:\/\/farmaciaschilespa.cl\/index.php\/wp-json\/wp\/v2\/product_brand?post=20184"},{"taxonomy":"product_cat","embeddable":true,"href":"https:\/\/farmaciaschilespa.cl\/index.php\/wp-json\/wp\/v2\/product_cat?post=20184"},{"taxonomy":"product_tag","embeddable":true,"href":"https:\/\/farmaciaschilespa.cl\/index.php\/wp-json\/wp\/v2\/product_tag?post=20184"}],"curies":[{"name":"wp","href":"https:\/\/api.w.org\/{rel}","templated":true}]}}