{"id":20180,"date":"2022-12-30T14:39:22","date_gmt":"2022-12-30T17:39:22","guid":{"rendered":"https:\/\/farmaciaschilespa.cl\/index.php\/producto\/tapsin-plus-dia-sobre\/"},"modified":"2026-05-05T10:10:30","modified_gmt":"2026-05-05T14:10:30","slug":"tapsin-plus-dia-sobre","status":"publish","type":"product","link":"https:\/\/farmaciaschilespa.cl\/index.php\/producto\/tapsin-plus-dia-sobre\/","title":{"rendered":"TAPSIN PLUS DIA SOBRE"},"content":{"rendered":"<p>Posolog\u00eda<br \/>\nDosis usual: 3 sobres al d\u00eda o bien 2 sobres al d\u00eda m\u00e1s 1 de noche antes de acostarse.<\/p>\n<p>Precauciones y advertencias<br \/>\nSe recomienda no tomar Tapsin Compuesto sin consultar con el m\u00e9dico, si est\u00e1 en tratamiento con otros medicamentos, como tambi\u00e9n en los casos de embarazo y lactancia. Este medicamento no debe tomarse por m\u00e1s de 10 d\u00edas seguidos a menos que lo indique el m\u00e9dico.<\/p>\n","protected":false},"excerpt":{"rendered":"<p>Cada sobre de 5 g contiene: Paracetamol 400 mg; Noscapina Clorhidrato 10 mg; Cafe\u00edna 33 mg; Vitamina C (como Ascorbato de Sodio) 50 mg<\/p>\n","protected":false},"featured_media":20159,"template":"","meta":{"_acf_changed":false},"product_brand":[],"product_cat":[1920,1646,15],"product_tag":[],"class_list":{"0":"post-20180","1":"product","2":"type-product","3":"status-publish","4":"has-post-thumbnail","6":"product_cat-marca","7":"product_cat-venta-directa","8":"product_cat-medicamentos","9":"pa_aviso-legal-descripcion","10":"pa_sub-categoria-laboratorio-maver","12":"first","13":"instock","14":"sale","15":"shipping-taxable","16":"purchasable","17":"product-type-simple"},"acf":[],"_links":{"self":[{"href":"https:\/\/farmaciaschilespa.cl\/index.php\/wp-json\/wp\/v2\/product\/20180","targetHints":{"allow":["GET"]}}],"collection":[{"href":"https:\/\/farmaciaschilespa.cl\/index.php\/wp-json\/wp\/v2\/product"}],"about":[{"href":"https:\/\/farmaciaschilespa.cl\/index.php\/wp-json\/wp\/v2\/types\/product"}],"wp:featuredmedia":[{"embeddable":true,"href":"https:\/\/farmaciaschilespa.cl\/index.php\/wp-json\/wp\/v2\/media\/20159"}],"wp:attachment":[{"href":"https:\/\/farmaciaschilespa.cl\/index.php\/wp-json\/wp\/v2\/media?parent=20180"}],"wp:term":[{"taxonomy":"product_brand","embeddable":true,"href":"https:\/\/farmaciaschilespa.cl\/index.php\/wp-json\/wp\/v2\/product_brand?post=20180"},{"taxonomy":"product_cat","embeddable":true,"href":"https:\/\/farmaciaschilespa.cl\/index.php\/wp-json\/wp\/v2\/product_cat?post=20180"},{"taxonomy":"product_tag","embeddable":true,"href":"https:\/\/farmaciaschilespa.cl\/index.php\/wp-json\/wp\/v2\/product_tag?post=20180"}],"curies":[{"name":"wp","href":"https:\/\/api.w.org\/{rel}","templated":true}]}}