{"id":20177,"date":"2022-12-30T14:39:06","date_gmt":"2022-12-30T17:39:06","guid":{"rendered":"https:\/\/farmaciaschilespa.cl\/index.php\/producto\/fibrasol-naranja-18-sobres\/"},"modified":"2026-04-29T10:20:45","modified_gmt":"2026-04-29T14:20:45","slug":"fibrasol-naranja-18-sobres","status":"publish","type":"product","link":"https:\/\/farmaciaschilespa.cl\/index.php\/producto\/fibrasol-naranja-18-sobres\/","title":{"rendered":"FIBRASOL NARANJA 18 SOBRES"},"content":{"rendered":"<p>Posolog\u00eda<br \/>\nComo regulador de la evacuaci\u00f3n: 1 sobre o 1 cucharada de t\u00e9 (5 g) de 1 a 3 veces al d\u00eda en un vaso grande de agua u otra bebida fr\u00eda, preferentemente hora antes de las comidas. Como antihiperlipid\u00e9mico: 1 sobre o 1 cucharada de t\u00e9 (5 g) al d\u00eda en un vaso grande de agua u otra bebida fr\u00eda.<\/p>\n<p>Precauciones y advertencias<br \/>\nEste medicamento jam\u00e1s debe tomarse seco.<\/p>\n","protected":false},"excerpt":{"rendered":"<p>Cada 100g contiene: epidermis de semilla de Psyllium 68g, excipiente edulcorado y saborizado cs<\/p>\n","protected":false},"featured_media":20150,"template":"","meta":{"_acf_changed":false},"product_brand":[],"product_cat":[1920,1646,15],"product_tag":[],"class_list":{"0":"post-20177","1":"product","2":"type-product","3":"status-publish","4":"has-post-thumbnail","6":"product_cat-marca","7":"product_cat-venta-directa","8":"product_cat-medicamentos","9":"pa_aviso-legal-descripcion","10":"pa_sub-categoria-laboratorio-maver","12":"first","13":"outofstock","14":"sale","15":"shipping-taxable","16":"purchasable","17":"product-type-simple"},"acf":[],"_links":{"self":[{"href":"https:\/\/farmaciaschilespa.cl\/index.php\/wp-json\/wp\/v2\/product\/20177","targetHints":{"allow":["GET"]}}],"collection":[{"href":"https:\/\/farmaciaschilespa.cl\/index.php\/wp-json\/wp\/v2\/product"}],"about":[{"href":"https:\/\/farmaciaschilespa.cl\/index.php\/wp-json\/wp\/v2\/types\/product"}],"wp:featuredmedia":[{"embeddable":true,"href":"https:\/\/farmaciaschilespa.cl\/index.php\/wp-json\/wp\/v2\/media\/20150"}],"wp:attachment":[{"href":"https:\/\/farmaciaschilespa.cl\/index.php\/wp-json\/wp\/v2\/media?parent=20177"}],"wp:term":[{"taxonomy":"product_brand","embeddable":true,"href":"https:\/\/farmaciaschilespa.cl\/index.php\/wp-json\/wp\/v2\/product_brand?post=20177"},{"taxonomy":"product_cat","embeddable":true,"href":"https:\/\/farmaciaschilespa.cl\/index.php\/wp-json\/wp\/v2\/product_cat?post=20177"},{"taxonomy":"product_tag","embeddable":true,"href":"https:\/\/farmaciaschilespa.cl\/index.php\/wp-json\/wp\/v2\/product_tag?post=20177"}],"curies":[{"name":"wp","href":"https:\/\/api.w.org\/{rel}","templated":true}]}}