{"id":20173,"date":"2022-12-30T14:38:47","date_gmt":"2022-12-30T17:38:47","guid":{"rendered":"https:\/\/farmaciaschilespa.cl\/index.php\/producto\/dolorub-crema-5-45-gramos\/"},"modified":"2026-04-14T11:16:28","modified_gmt":"2026-04-14T15:16:28","slug":"dolorub-crema-5-45-gramos","status":"publish","type":"product","link":"https:\/\/farmaciaschilespa.cl\/index.php\/producto\/dolorub-crema-5-45-gramos\/","title":{"rendered":"DOLORUB CREMA 5% 45 GRAMOS"},"content":{"rendered":"<p>Posolog\u00eda<br \/>\nAplique la crema o gel en cantidad suficiente para cubrir la zona afectada y masajee suavemente hasta su completa absorci\u00f3n, 3 a 4 veces al d\u00eda seg\u00fan las molestias.<\/p>\n<p>Precauciones y Advertencias<br \/>\n&#8211; Utilizar s\u00f3lo en piel intacta; no aplicar sobre heridas abiertas, mucosa o piel eczematosa. &#8211; Evitar el contacto con los ojos. &#8211; No aplicar calor ni vendajes apretados o que no permitan la aireaci\u00f3n de la zona. Si usted est\u00e1 usando en la misma zona otros productos t\u00f3picos, consulte a su m\u00e9dico.<\/p>\n","protected":false},"excerpt":{"rendered":"<p>Cada 100 g contiene: Ibuprofeno 5 g<\/p>\n","protected":false},"featured_media":20141,"template":"","meta":{"_acf_changed":false},"product_brand":[],"product_cat":[1920,1646,15],"product_tag":[],"class_list":{"0":"post-20173","1":"product","2":"type-product","3":"status-publish","4":"has-post-thumbnail","6":"product_cat-marca","7":"product_cat-venta-directa","8":"product_cat-medicamentos","9":"pa_aviso-legal-descripcion","10":"pa_sub-categoria-laboratorio-maver","12":"first","13":"instock","14":"sale","15":"shipping-taxable","16":"purchasable","17":"product-type-simple"},"acf":[],"_links":{"self":[{"href":"https:\/\/farmaciaschilespa.cl\/index.php\/wp-json\/wp\/v2\/product\/20173","targetHints":{"allow":["GET"]}}],"collection":[{"href":"https:\/\/farmaciaschilespa.cl\/index.php\/wp-json\/wp\/v2\/product"}],"about":[{"href":"https:\/\/farmaciaschilespa.cl\/index.php\/wp-json\/wp\/v2\/types\/product"}],"wp:featuredmedia":[{"embeddable":true,"href":"https:\/\/farmaciaschilespa.cl\/index.php\/wp-json\/wp\/v2\/media\/20141"}],"wp:attachment":[{"href":"https:\/\/farmaciaschilespa.cl\/index.php\/wp-json\/wp\/v2\/media?parent=20173"}],"wp:term":[{"taxonomy":"product_brand","embeddable":true,"href":"https:\/\/farmaciaschilespa.cl\/index.php\/wp-json\/wp\/v2\/product_brand?post=20173"},{"taxonomy":"product_cat","embeddable":true,"href":"https:\/\/farmaciaschilespa.cl\/index.php\/wp-json\/wp\/v2\/product_cat?post=20173"},{"taxonomy":"product_tag","embeddable":true,"href":"https:\/\/farmaciaschilespa.cl\/index.php\/wp-json\/wp\/v2\/product_tag?post=20173"}],"curies":[{"name":"wp","href":"https:\/\/api.w.org\/{rel}","templated":true}]}}