{"id":20039,"date":"2022-12-28T18:09:36","date_gmt":"2022-12-28T21:09:36","guid":{"rendered":"https:\/\/farmaciaschilespa.cl\/index.php\/producto\/bropavol-jarabe-x-100-ml\/"},"modified":"2026-04-02T09:29:33","modified_gmt":"2026-04-02T12:29:33","slug":"bropavol-jarabe-x-100-ml","status":"publish","type":"product","link":"https:\/\/farmaciaschilespa.cl\/index.php\/producto\/bropavol-jarabe-x-100-ml\/","title":{"rendered":"BROPAVOL JARABE X 100 ML"},"content":{"rendered":"<p>Posolog\u00eda<br \/>\nAdultos y ni\u00f1os mayores a los 12 a\u00f1os: 5 ml 3 veces al d\u00eda. Ni\u00f1os de 6 a 12 a\u00f1os: 2.5 ml 4 veces al d\u00eda.<\/p>\n<p>Precauciones y advertencias<br \/>\nNo administrar en pacientes con sensibilidad conocida a la bromhexina u otros componentes de la f\u00f3rmula.<\/p>\n","protected":false},"excerpt":{"rendered":"<p>Cada ml de jarabe contiene: Bromhexina Clorhidrato 8 mg<\/p>\n","protected":false},"featured_media":19926,"template":"","meta":{"_acf_changed":false},"product_brand":[],"product_cat":[1920,1646,15],"product_tag":[],"class_list":{"0":"post-20039","1":"product","2":"type-product","3":"status-publish","4":"has-post-thumbnail","6":"product_cat-marca","7":"product_cat-venta-directa","8":"product_cat-medicamentos","9":"pa_aviso-legal-descripcion","10":"pa_sub-categoria-laboratorio-eurofarma","12":"first","13":"instock","14":"sale","15":"shipping-taxable","16":"purchasable","17":"product-type-simple"},"acf":[],"_links":{"self":[{"href":"https:\/\/farmaciaschilespa.cl\/index.php\/wp-json\/wp\/v2\/product\/20039","targetHints":{"allow":["GET"]}}],"collection":[{"href":"https:\/\/farmaciaschilespa.cl\/index.php\/wp-json\/wp\/v2\/product"}],"about":[{"href":"https:\/\/farmaciaschilespa.cl\/index.php\/wp-json\/wp\/v2\/types\/product"}],"wp:featuredmedia":[{"embeddable":true,"href":"https:\/\/farmaciaschilespa.cl\/index.php\/wp-json\/wp\/v2\/media\/19926"}],"wp:attachment":[{"href":"https:\/\/farmaciaschilespa.cl\/index.php\/wp-json\/wp\/v2\/media?parent=20039"}],"wp:term":[{"taxonomy":"product_brand","embeddable":true,"href":"https:\/\/farmaciaschilespa.cl\/index.php\/wp-json\/wp\/v2\/product_brand?post=20039"},{"taxonomy":"product_cat","embeddable":true,"href":"https:\/\/farmaciaschilespa.cl\/index.php\/wp-json\/wp\/v2\/product_cat?post=20039"},{"taxonomy":"product_tag","embeddable":true,"href":"https:\/\/farmaciaschilespa.cl\/index.php\/wp-json\/wp\/v2\/product_tag?post=20039"}],"curies":[{"name":"wp","href":"https:\/\/api.w.org\/{rel}","templated":true}]}}