{"id":20033,"date":"2022-12-28T18:09:14","date_gmt":"2022-12-28T21:09:14","guid":{"rendered":"https:\/\/farmaciaschilespa.cl\/index.php\/producto\/gesiproct-pomada-antihemorroidal-30-gramos\/"},"modified":"2026-05-12T13:22:02","modified_gmt":"2026-05-12T17:22:02","slug":"gesiproct-pomada-antihemorroidal-30-gramos","status":"publish","type":"product","link":"https:\/\/farmaciaschilespa.cl\/index.php\/producto\/gesiproct-pomada-antihemorroidal-30-gramos\/","title":{"rendered":"GESIPROCT POMADA ANTIHEMORROIDAL 30 GRAMOS"},"content":{"rendered":"<p>Posolog\u00eda<br \/>\nV\u00eda de administraci\u00f3n: Uso anal y rectal. Inicialmente mientras duren las molestias se aplicar\u00e1 la crema 2 veces al d\u00eda, por la ma\u00f1ana y por la noche. M\u00e1s adelante reduzca las aplicaciones a 1 dosis diaria en la noche durante 15 d\u00edas.<\/p>\n<p>Precauciones y advertencias<br \/>\nEst\u00e1 contraindicado en los pacientes eczematosos o aquellos con antecedentes de hipersensibilidad o alergia a triben\u00f3sido, lidoca\u00edna o cualquier componente del producto.<\/p>\n","protected":false},"excerpt":{"rendered":"<p>Cada 100 g de crema contiene: Triben\u00f3sido 5.0 g; Lidoca\u00edna Clorhidrato 2.0 g<\/p>\n","protected":false},"featured_media":19921,"template":"","meta":{"_acf_changed":false},"product_brand":[],"product_cat":[1920,1646,15],"product_tag":[],"class_list":{"0":"post-20033","1":"product","2":"type-product","3":"status-publish","4":"has-post-thumbnail","6":"product_cat-marca","7":"product_cat-venta-directa","8":"product_cat-medicamentos","9":"pa_aviso-legal-descripcion","10":"pa_sub-categoria-laboratorio-eurofarma","12":"first","13":"instock","14":"sale","15":"shipping-taxable","16":"purchasable","17":"product-type-simple"},"acf":[],"_links":{"self":[{"href":"https:\/\/farmaciaschilespa.cl\/index.php\/wp-json\/wp\/v2\/product\/20033","targetHints":{"allow":["GET"]}}],"collection":[{"href":"https:\/\/farmaciaschilespa.cl\/index.php\/wp-json\/wp\/v2\/product"}],"about":[{"href":"https:\/\/farmaciaschilespa.cl\/index.php\/wp-json\/wp\/v2\/types\/product"}],"wp:featuredmedia":[{"embeddable":true,"href":"https:\/\/farmaciaschilespa.cl\/index.php\/wp-json\/wp\/v2\/media\/19921"}],"wp:attachment":[{"href":"https:\/\/farmaciaschilespa.cl\/index.php\/wp-json\/wp\/v2\/media?parent=20033"}],"wp:term":[{"taxonomy":"product_brand","embeddable":true,"href":"https:\/\/farmaciaschilespa.cl\/index.php\/wp-json\/wp\/v2\/product_brand?post=20033"},{"taxonomy":"product_cat","embeddable":true,"href":"https:\/\/farmaciaschilespa.cl\/index.php\/wp-json\/wp\/v2\/product_cat?post=20033"},{"taxonomy":"product_tag","embeddable":true,"href":"https:\/\/farmaciaschilespa.cl\/index.php\/wp-json\/wp\/v2\/product_tag?post=20033"}],"curies":[{"name":"wp","href":"https:\/\/api.w.org\/{rel}","templated":true}]}}