{"id":19901,"date":"2022-11-29T11:54:17","date_gmt":"2022-11-29T14:54:17","guid":{"rendered":"https:\/\/farmaciaschilespa.cl\/index.php\/producto\/neurobion-dc-10000-x-3-jeringas\/"},"modified":"2026-05-05T10:09:10","modified_gmt":"2026-05-05T14:09:10","slug":"neurobion-dc-10000-x-3-jeringas","status":"publish","type":"product","link":"https:\/\/farmaciaschilespa.cl\/index.php\/producto\/neurobion-dc-10000-x-3-jeringas\/","title":{"rendered":"NEUROBION DC 10000 X 3 JERINGAS"},"content":{"rendered":"","protected":false},"excerpt":{"rendered":"<p>C\u00e1mara 1: (Soluci\u00f3n clara): Tiamina Clorhidrato (Vitamina B1) 100.0 mg; Piridoxina Clorhidrato (Vitamina B6) 100.0 mg. C\u00e1mara 2: (Soluci\u00f3n de color rojo): Cianocobalamina (Vitamina B12) 10.000 mcg.<\/p>\n","protected":false},"featured_media":19842,"template":"","meta":{"_acf_changed":false},"product_brand":[],"product_cat":[1920,1647,15],"product_tag":[],"class_list":{"0":"post-19901","1":"product","2":"type-product","3":"status-publish","4":"has-post-thumbnail","6":"product_cat-marca","7":"product_cat-receta-simple","8":"product_cat-medicamentos","9":"pa_aviso-legal-descripcion","10":"pa_sub-categoria-laboratorio-merck","12":"first","13":"outofstock","14":"sale","15":"shipping-taxable","16":"purchasable","17":"product-type-simple"},"acf":[],"_links":{"self":[{"href":"https:\/\/farmaciaschilespa.cl\/index.php\/wp-json\/wp\/v2\/product\/19901","targetHints":{"allow":["GET"]}}],"collection":[{"href":"https:\/\/farmaciaschilespa.cl\/index.php\/wp-json\/wp\/v2\/product"}],"about":[{"href":"https:\/\/farmaciaschilespa.cl\/index.php\/wp-json\/wp\/v2\/types\/product"}],"wp:featuredmedia":[{"embeddable":true,"href":"https:\/\/farmaciaschilespa.cl\/index.php\/wp-json\/wp\/v2\/media\/19842"}],"wp:attachment":[{"href":"https:\/\/farmaciaschilespa.cl\/index.php\/wp-json\/wp\/v2\/media?parent=19901"}],"wp:term":[{"taxonomy":"product_brand","embeddable":true,"href":"https:\/\/farmaciaschilespa.cl\/index.php\/wp-json\/wp\/v2\/product_brand?post=19901"},{"taxonomy":"product_cat","embeddable":true,"href":"https:\/\/farmaciaschilespa.cl\/index.php\/wp-json\/wp\/v2\/product_cat?post=19901"},{"taxonomy":"product_tag","embeddable":true,"href":"https:\/\/farmaciaschilespa.cl\/index.php\/wp-json\/wp\/v2\/product_tag?post=19901"}],"curies":[{"name":"wp","href":"https:\/\/api.w.org\/{rel}","templated":true}]}}