{"id":19889,"date":"2022-11-29T11:53:19","date_gmt":"2022-11-29T14:53:19","guid":{"rendered":"https:\/\/farmaciaschilespa.cl\/index.php\/producto\/nasivin-solucion-nasal-30-ml\/"},"modified":"2026-04-02T09:34:06","modified_gmt":"2026-04-02T12:34:06","slug":"nasivin-solucion-nasal-30-ml","status":"publish","type":"product","link":"https:\/\/farmaciaschilespa.cl\/index.php\/producto\/nasivin-solucion-nasal-30-ml\/","title":{"rendered":"NASIVIN SOLUCION NASAL 30 ML"},"content":{"rendered":"<p>Posolog\u00eda<br \/>\nAplicar 2 atomizaciones en cada fosa nasal tan frecuentemente como sea necesario. La atomizaci\u00f3n microfina de Nasivin asegura difusi\u00f3n \u00f3ptima con microgotas de su soluci\u00f3n fisiol\u00f3gica natural, en forma uniforme en toda la mucosa nasal.<\/p>\n<p>Precauciones<br \/>\nNo se conocen a la fecha. No hay restricciones de uso en embarazo y lactancia. No han sido reportados efectos de carcinog\u00e9nesis, mutag\u00e9nesis, teratog\u00e9nesis ni problemas de fertilidad. Interacciones Medicamentosas: No han sido reportadas.<\/p>\n","protected":false},"excerpt":{"rendered":"<p>Cada 100 ml contienen: Cloruro de Sodio 0.65 g, Glicerol 1 g, Vehiculo c.b.p. 100 ml<\/p>\n","protected":false},"featured_media":19870,"template":"","meta":{"_acf_changed":false},"product_brand":[],"product_cat":[1920,1646,15],"product_tag":[],"class_list":{"0":"post-19889","1":"product","2":"type-product","3":"status-publish","4":"has-post-thumbnail","6":"product_cat-marca","7":"product_cat-venta-directa","8":"product_cat-medicamentos","9":"pa_aviso-legal-descripcion","10":"pa_sub-categoria-laboratorio-merck","12":"first","13":"outofstock","14":"sale","15":"shipping-taxable","16":"purchasable","17":"product-type-simple"},"acf":[],"_links":{"self":[{"href":"https:\/\/farmaciaschilespa.cl\/index.php\/wp-json\/wp\/v2\/product\/19889","targetHints":{"allow":["GET"]}}],"collection":[{"href":"https:\/\/farmaciaschilespa.cl\/index.php\/wp-json\/wp\/v2\/product"}],"about":[{"href":"https:\/\/farmaciaschilespa.cl\/index.php\/wp-json\/wp\/v2\/types\/product"}],"wp:featuredmedia":[{"embeddable":true,"href":"https:\/\/farmaciaschilespa.cl\/index.php\/wp-json\/wp\/v2\/media\/19870"}],"wp:attachment":[{"href":"https:\/\/farmaciaschilespa.cl\/index.php\/wp-json\/wp\/v2\/media?parent=19889"}],"wp:term":[{"taxonomy":"product_brand","embeddable":true,"href":"https:\/\/farmaciaschilespa.cl\/index.php\/wp-json\/wp\/v2\/product_brand?post=19889"},{"taxonomy":"product_cat","embeddable":true,"href":"https:\/\/farmaciaschilespa.cl\/index.php\/wp-json\/wp\/v2\/product_cat?post=19889"},{"taxonomy":"product_tag","embeddable":true,"href":"https:\/\/farmaciaschilespa.cl\/index.php\/wp-json\/wp\/v2\/product_tag?post=19889"}],"curies":[{"name":"wp","href":"https:\/\/api.w.org\/{rel}","templated":true}]}}