{"id":19884,"date":"2022-11-29T11:52:55","date_gmt":"2022-11-29T14:52:55","guid":{"rendered":"https:\/\/farmaciaschilespa.cl\/index.php\/producto\/bion-3-adulto-30-comprimidos\/"},"modified":"2026-04-02T09:29:24","modified_gmt":"2026-04-02T12:29:24","slug":"bion-3-adulto-30-comprimidos","status":"publish","type":"product","link":"https:\/\/farmaciaschilespa.cl\/index.php\/producto\/bion-3-adulto-30-comprimidos\/","title":{"rendered":"BION 3 ADULTO 30 COMPRIMIDOS"},"content":{"rendered":"<p>Posolog\u00eda<br \/>\nTomar 1 comprimido recubierto por d\u00eda, con suficiente liquido (200 ml). Se sugiere no masticar, no fraccionar, triturar ni disolver el comprimido antes de ser ingerido.<\/p>\n<p>Precauciones<br \/>\nCons\u00e9rvese en lugar seco y protegido de la luz directa. Mantener el envase bien cerrado y fuera del alcance de los ni\u00f1os. Almacenar a no m\u00e1s de 25\u00b0 C.<br \/>\nMantener fuera del alcance de los ni\u00f1os. No exceda la porci\u00f3n diaria recomendada. Los suplementos alimentarios no deben utilizarse como sustituto de una dieta variada y equilibrada y un estilo de vida saludable.<\/p>\n","protected":false},"excerpt":{"rendered":"<p>Principales principios activos:<br \/>\nAlfa Tocoferol.<br \/>\n\u00c1cido asc\u00f3rbico.<br \/>\nBiotina.<br \/>\nCalcio.<br \/>\nCalcitriol.<br \/>\nCianocobalamina.<\/p>\n","protected":false},"featured_media":19862,"template":"","meta":{"_acf_changed":false},"product_brand":[],"product_cat":[1920,1646,15],"product_tag":[],"class_list":{"0":"post-19884","1":"product","2":"type-product","3":"status-publish","4":"has-post-thumbnail","6":"product_cat-marca","7":"product_cat-venta-directa","8":"product_cat-medicamentos","9":"pa_aviso-legal-descripcion","10":"pa_sub-categoria-laboratorio-merck","12":"first","13":"outofstock","14":"sale","15":"shipping-taxable","16":"purchasable","17":"product-type-simple"},"acf":[],"_links":{"self":[{"href":"https:\/\/farmaciaschilespa.cl\/index.php\/wp-json\/wp\/v2\/product\/19884","targetHints":{"allow":["GET"]}}],"collection":[{"href":"https:\/\/farmaciaschilespa.cl\/index.php\/wp-json\/wp\/v2\/product"}],"about":[{"href":"https:\/\/farmaciaschilespa.cl\/index.php\/wp-json\/wp\/v2\/types\/product"}],"wp:featuredmedia":[{"embeddable":true,"href":"https:\/\/farmaciaschilespa.cl\/index.php\/wp-json\/wp\/v2\/media\/19862"}],"wp:attachment":[{"href":"https:\/\/farmaciaschilespa.cl\/index.php\/wp-json\/wp\/v2\/media?parent=19884"}],"wp:term":[{"taxonomy":"product_brand","embeddable":true,"href":"https:\/\/farmaciaschilespa.cl\/index.php\/wp-json\/wp\/v2\/product_brand?post=19884"},{"taxonomy":"product_cat","embeddable":true,"href":"https:\/\/farmaciaschilespa.cl\/index.php\/wp-json\/wp\/v2\/product_cat?post=19884"},{"taxonomy":"product_tag","embeddable":true,"href":"https:\/\/farmaciaschilespa.cl\/index.php\/wp-json\/wp\/v2\/product_tag?post=19884"}],"curies":[{"name":"wp","href":"https:\/\/api.w.org\/{rel}","templated":true}]}}