{"id":19880,"date":"2022-11-29T11:52:32","date_gmt":"2022-11-29T14:52:32","guid":{"rendered":"https:\/\/farmaciaschilespa.cl\/index.php\/producto\/cebion-fresa-gotas-100mg-ml-x-30-ml\/"},"modified":"2026-04-02T09:29:44","modified_gmt":"2026-04-02T12:29:44","slug":"cebion-fresa-gotas-100mg-ml-x-30-ml","status":"publish","type":"product","link":"https:\/\/farmaciaschilespa.cl\/index.php\/producto\/cebion-fresa-gotas-100mg-ml-x-30-ml\/","title":{"rendered":"CEBION FRESA GOTAS 100MG\/ML X 30 ML"},"content":{"rendered":"<p>Posolog\u00eda<br \/>\nCebi\u00f3n gotas es un alimento fortificado en vitamina C. Este producto es ofrecido en una soluci\u00f3n l\u00edquida con sabor a fresa. Posolog\u00eda: Se sugiere tomar 10 gotas (0.5 ml) al d\u00eda.<\/p>\n<p>Precauciones<br \/>\nFenilceton\u00faricos: contiene fenilalanina. Conservaci\u00f3n: Cons\u00e9rvese en lugar fresco y seco a no m\u00e1s de 30\u00baC. Proteger de la luz. Observaciones: Mantener fuera del alcance de los ni\u00f1os.<\/p>\n","protected":false},"excerpt":{"rendered":"<p>Cada ml de soluci\u00f3n oral en gotas contiene:<br \/>\n\u00c1cido asc\u00f3rbico 100 mg<\/p>\n","protected":false},"featured_media":19855,"template":"","meta":{"_acf_changed":false},"product_brand":[],"product_cat":[1920,1646,15],"product_tag":[],"class_list":{"0":"post-19880","1":"product","2":"type-product","3":"status-publish","4":"has-post-thumbnail","6":"product_cat-marca","7":"product_cat-venta-directa","8":"product_cat-medicamentos","9":"pa_aviso-legal-descripcion","10":"pa_sub-categoria-laboratorio-merck","12":"first","13":"outofstock","14":"sale","15":"shipping-taxable","16":"purchasable","17":"product-type-simple"},"acf":[],"_links":{"self":[{"href":"https:\/\/farmaciaschilespa.cl\/index.php\/wp-json\/wp\/v2\/product\/19880","targetHints":{"allow":["GET"]}}],"collection":[{"href":"https:\/\/farmaciaschilespa.cl\/index.php\/wp-json\/wp\/v2\/product"}],"about":[{"href":"https:\/\/farmaciaschilespa.cl\/index.php\/wp-json\/wp\/v2\/types\/product"}],"wp:featuredmedia":[{"embeddable":true,"href":"https:\/\/farmaciaschilespa.cl\/index.php\/wp-json\/wp\/v2\/media\/19855"}],"wp:attachment":[{"href":"https:\/\/farmaciaschilespa.cl\/index.php\/wp-json\/wp\/v2\/media?parent=19880"}],"wp:term":[{"taxonomy":"product_brand","embeddable":true,"href":"https:\/\/farmaciaschilespa.cl\/index.php\/wp-json\/wp\/v2\/product_brand?post=19880"},{"taxonomy":"product_cat","embeddable":true,"href":"https:\/\/farmaciaschilespa.cl\/index.php\/wp-json\/wp\/v2\/product_cat?post=19880"},{"taxonomy":"product_tag","embeddable":true,"href":"https:\/\/farmaciaschilespa.cl\/index.php\/wp-json\/wp\/v2\/product_tag?post=19880"}],"curies":[{"name":"wp","href":"https:\/\/api.w.org\/{rel}","templated":true}]}}