{"id":19380,"date":"2022-10-24T14:05:17","date_gmt":"2022-10-24T17:05:17","guid":{"rendered":"https:\/\/farmaciaschilespa.cl\/index.php\/producto\/ferranem-x-30-capsulas\/"},"modified":"2026-05-12T13:21:46","modified_gmt":"2026-05-12T17:21:46","slug":"ferranem-x-30-capsulas","status":"publish","type":"product","link":"https:\/\/farmaciaschilespa.cl\/index.php\/producto\/ferranem-x-30-capsulas\/","title":{"rendered":"FERRANEM X 30 CAPSULAS"},"content":{"rendered":"","protected":false},"excerpt":{"rendered":"<p>Cada c\u00e1psula con microgr\u00e1nulos de liberaci\u00f3n prolongada contiene:<br \/>\nFumarato Ferroso 330 mg (equivalente a 109 mg de hierro elemental)<br \/>\nCianocobalamina 1 mg (Vitamina B12)<br \/>\n\u00c1cido asc\u00f3rbico 100 mg (Vitamina C)<br \/>\n\u00c1cido f\u00f3lico 2 mg<\/p>\n","protected":false},"featured_media":19369,"template":"","meta":{"_acf_changed":false},"product_brand":[],"product_cat":[1920,1647,15],"product_tag":[],"class_list":{"0":"post-19380","1":"product","2":"type-product","3":"status-publish","4":"has-post-thumbnail","6":"product_cat-marca","7":"product_cat-receta-simple","8":"product_cat-medicamentos","9":"pa_aviso-legal-descripcion","10":"pa_sub-categoria-laboratorio-chemo-pharma","12":"first","13":"outofstock","14":"sale","15":"shipping-taxable","16":"purchasable","17":"product-type-simple"},"acf":[],"_links":{"self":[{"href":"https:\/\/farmaciaschilespa.cl\/index.php\/wp-json\/wp\/v2\/product\/19380","targetHints":{"allow":["GET"]}}],"collection":[{"href":"https:\/\/farmaciaschilespa.cl\/index.php\/wp-json\/wp\/v2\/product"}],"about":[{"href":"https:\/\/farmaciaschilespa.cl\/index.php\/wp-json\/wp\/v2\/types\/product"}],"wp:featuredmedia":[{"embeddable":true,"href":"https:\/\/farmaciaschilespa.cl\/index.php\/wp-json\/wp\/v2\/media\/19369"}],"wp:attachment":[{"href":"https:\/\/farmaciaschilespa.cl\/index.php\/wp-json\/wp\/v2\/media?parent=19380"}],"wp:term":[{"taxonomy":"product_brand","embeddable":true,"href":"https:\/\/farmaciaschilespa.cl\/index.php\/wp-json\/wp\/v2\/product_brand?post=19380"},{"taxonomy":"product_cat","embeddable":true,"href":"https:\/\/farmaciaschilespa.cl\/index.php\/wp-json\/wp\/v2\/product_cat?post=19380"},{"taxonomy":"product_tag","embeddable":true,"href":"https:\/\/farmaciaschilespa.cl\/index.php\/wp-json\/wp\/v2\/product_tag?post=19380"}],"curies":[{"name":"wp","href":"https:\/\/api.w.org\/{rel}","templated":true}]}}