{"id":19348,"date":"2022-10-21T13:21:04","date_gmt":"2022-10-21T16:21:04","guid":{"rendered":"https:\/\/farmaciaschilespa.cl\/index.php\/producto\/naticare-lat-x-60-capsulas\/"},"modified":"2026-04-29T10:22:01","modified_gmt":"2026-04-29T14:22:01","slug":"naticare-lat-x-60-capsulas","status":"publish","type":"product","link":"https:\/\/farmaciaschilespa.cl\/index.php\/producto\/naticare-lat-x-60-capsulas\/","title":{"rendered":"NATICARE LAT X 60 CAPSULAS"},"content":{"rendered":"<p>Posolog\u00eda<br \/>\n1 c\u00e1psula al d\u00eda<\/p>\n<p>Precauciones<br \/>\nConsumir preferentemente antes de la fecha indicada en el envase. Mantener el producto fuera del alcance de los ni\u00f1os. No superar la dosis diaria recomendada. No utilizar como sustituto de una dieta equilibrada. No contiene sacarosa, lactosa, case\u00edna ni gluten. Conservar en lugar fresco y seco. Al\u00e9rgenos: Contiene derivados del pescado.<\/p>\n","protected":false},"excerpt":{"rendered":"<p>Cada c\u00e1psula contiene: Carbonato de calcio, Aceite de pescado (anchoa, at\u00fan), Gelatina, Aceite de linaza refinado (Linum usitatissimum L.), \u00c1cido L-asc\u00f3rbico, Glicerol, Fumarato ferroso, Sorbitol, Taurina, Acetato de DL-alfa tocoferilo, Lecitina de girasol, Nicotinamida, \u00d3xido de zinc, Aceites vegetales (aceite de palma y aceite de coco), D-Pantotenato c\u00e1lcico, Cera amarilla de abejas, Palmitato de retinilo, Cianocobalamina, Sulfato c\u00faprico, \u00d3xido de hierro rojo, Clorhidrato de Piridoxina, Riboflavina, Mononitrato de tiamina, \u00d3xido de hierro negro, Yodato de potasio, \u00c1cido pteroilmonoglut\u00e1mico, Colecalciferol, D-Biotina, Selenito de sodio.<\/p>\n","protected":false},"featured_media":19313,"template":"","meta":{"_acf_changed":false},"product_brand":[],"product_cat":[1920,1646,15],"product_tag":[],"class_list":{"0":"post-19348","1":"product","2":"type-product","3":"status-publish","4":"has-post-thumbnail","6":"product_cat-marca","7":"product_cat-venta-directa","8":"product_cat-medicamentos","9":"pa_aviso-legal-descripcion","10":"pa_sub-categoria-laboratorio-itf-labomed","12":"first","13":"instock","14":"sale","15":"shipping-taxable","16":"purchasable","17":"product-type-simple"},"acf":[],"_links":{"self":[{"href":"https:\/\/farmaciaschilespa.cl\/index.php\/wp-json\/wp\/v2\/product\/19348","targetHints":{"allow":["GET"]}}],"collection":[{"href":"https:\/\/farmaciaschilespa.cl\/index.php\/wp-json\/wp\/v2\/product"}],"about":[{"href":"https:\/\/farmaciaschilespa.cl\/index.php\/wp-json\/wp\/v2\/types\/product"}],"wp:featuredmedia":[{"embeddable":true,"href":"https:\/\/farmaciaschilespa.cl\/index.php\/wp-json\/wp\/v2\/media\/19313"}],"wp:attachment":[{"href":"https:\/\/farmaciaschilespa.cl\/index.php\/wp-json\/wp\/v2\/media?parent=19348"}],"wp:term":[{"taxonomy":"product_brand","embeddable":true,"href":"https:\/\/farmaciaschilespa.cl\/index.php\/wp-json\/wp\/v2\/product_brand?post=19348"},{"taxonomy":"product_cat","embeddable":true,"href":"https:\/\/farmaciaschilespa.cl\/index.php\/wp-json\/wp\/v2\/product_cat?post=19348"},{"taxonomy":"product_tag","embeddable":true,"href":"https:\/\/farmaciaschilespa.cl\/index.php\/wp-json\/wp\/v2\/product_tag?post=19348"}],"curies":[{"name":"wp","href":"https:\/\/api.w.org\/{rel}","templated":true}]}}