{"id":19287,"date":"2022-10-19T17:22:27","date_gmt":"2022-10-19T20:22:27","guid":{"rendered":"https:\/\/farmaciaschilespa.cl\/index.php\/producto\/melipass-x-60-capsulas\/"},"modified":"2026-05-12T13:23:02","modified_gmt":"2026-05-12T17:23:02","slug":"melipass-x-60-capsulas","status":"publish","type":"product","link":"https:\/\/farmaciaschilespa.cl\/index.php\/producto\/melipass-x-60-capsulas\/","title":{"rendered":"MELIPASS X 60 CAPSULAS"},"content":{"rendered":"<p>Posolog\u00eda<br \/>\n1 a 2 c\u00e1psulas cada 8 horas.<\/p>\n<p>Precauciones<br \/>\nMantener fuera del alcance de los ni\u00f1os. Si no ceden los s\u00edntomas, consulte a su m\u00e9dico. No hay informaci\u00f3n disponible de uso en ni\u00f1os, embarazadas y nodrizas, por lo tanto, no debiera ser administrado en este tipo de paciente sin supervisi\u00f3n m\u00e9dica. Si se presentara somnolencia, no operar maquinaria pesada ni conducir autom\u00f3vil. La literatura cient\u00edfica describe contraindicaciones para melissa en caso de hipotiroidismo y pasiflora en ni\u00f1os o durante el embarazo y lactancia. No administrar en ni\u00f1os. No administrar en caso de alergia a alguno de los componentes de la formulaci\u00f3n. Ocasionalmente puede presentarse hipotensi\u00f3n arterial a trav\u00e9s de un mecanismo de vasodilataci\u00f3n perif\u00e9rica.<\/p>\n","protected":false},"excerpt":{"rendered":"<p>Cada c\u00e1psula contiene:<br \/>\nMelissa officinalis 127,5 mg<br \/>\nPassiflora coerulea 127,5 mg<\/p>\n","protected":false},"featured_media":19259,"template":"","meta":{"_acf_changed":false},"product_brand":[],"product_cat":[1920,1646,15],"product_tag":[],"class_list":{"0":"post-19287","1":"product","2":"type-product","3":"status-publish","4":"has-post-thumbnail","6":"product_cat-marca","7":"product_cat-venta-directa","8":"product_cat-medicamentos","9":"pa_aviso-legal-descripcion","10":"pa_sub-categoria-laboratorio-knop","12":"first","13":"outofstock","14":"sale","15":"shipping-taxable","16":"purchasable","17":"product-type-simple"},"acf":[],"_links":{"self":[{"href":"https:\/\/farmaciaschilespa.cl\/index.php\/wp-json\/wp\/v2\/product\/19287","targetHints":{"allow":["GET"]}}],"collection":[{"href":"https:\/\/farmaciaschilespa.cl\/index.php\/wp-json\/wp\/v2\/product"}],"about":[{"href":"https:\/\/farmaciaschilespa.cl\/index.php\/wp-json\/wp\/v2\/types\/product"}],"wp:featuredmedia":[{"embeddable":true,"href":"https:\/\/farmaciaschilespa.cl\/index.php\/wp-json\/wp\/v2\/media\/19259"}],"wp:attachment":[{"href":"https:\/\/farmaciaschilespa.cl\/index.php\/wp-json\/wp\/v2\/media?parent=19287"}],"wp:term":[{"taxonomy":"product_brand","embeddable":true,"href":"https:\/\/farmaciaschilespa.cl\/index.php\/wp-json\/wp\/v2\/product_brand?post=19287"},{"taxonomy":"product_cat","embeddable":true,"href":"https:\/\/farmaciaschilespa.cl\/index.php\/wp-json\/wp\/v2\/product_cat?post=19287"},{"taxonomy":"product_tag","embeddable":true,"href":"https:\/\/farmaciaschilespa.cl\/index.php\/wp-json\/wp\/v2\/product_tag?post=19287"}],"curies":[{"name":"wp","href":"https:\/\/api.w.org\/{rel}","templated":true}]}}