{"id":19282,"date":"2022-10-19T17:22:02","date_gmt":"2022-10-19T20:22:02","guid":{"rendered":"https:\/\/farmaciaschilespa.cl\/index.php\/producto\/arnikaderm-gel-50-gramos\/"},"modified":"2026-04-02T09:29:03","modified_gmt":"2026-04-02T12:29:03","slug":"arnikaderm-gel-50-gramos","status":"publish","type":"product","link":"https:\/\/farmaciaschilespa.cl\/index.php\/producto\/arnikaderm-gel-50-gramos\/","title":{"rendered":"ARNIKADERM GEL 50 GRAMOS"},"content":{"rendered":"<p>Posolog\u00eda<br \/>\nDebe aplicar el gel sobre la zona afectada 2 a 4 veces al d\u00eda y masajear hasta su completa absorci\u00f3n.<\/p>\n<p>Precauciones<br \/>\nNo debe aplicar el gel en zonas de piel que est\u00e9n da\u00f1adas o que presenten heridas abiertas, \u00falceras o infecciones. Si ha presentado alguna reacci\u00f3n al\u00e9rgica a otros preparados que contengan \u00e1rnica, no utilice este producto. Si no presenta mejor\u00eda o alivio de los s\u00edntomas, le recomendamos consultar con su m\u00e9dico para una evaluaci\u00f3n de su lesi\u00f3n.<\/p>\n","protected":false},"excerpt":{"rendered":"<p>Cada 100 gramos de gel contienen:<br \/>\nArnica montana TM 1\/10 10 gramos<\/p>\n","protected":false},"featured_media":19254,"template":"","meta":{"_acf_changed":false},"product_brand":[],"product_cat":[1920,1646,15],"product_tag":[],"class_list":{"0":"post-19282","1":"product","2":"type-product","3":"status-publish","4":"has-post-thumbnail","6":"product_cat-marca","7":"product_cat-venta-directa","8":"product_cat-medicamentos","9":"pa_aviso-legal-descripcion","10":"pa_sub-categoria-laboratorio-knop","12":"first","13":"instock","14":"sale","15":"shipping-taxable","16":"purchasable","17":"product-type-simple"},"acf":[],"_links":{"self":[{"href":"https:\/\/farmaciaschilespa.cl\/index.php\/wp-json\/wp\/v2\/product\/19282","targetHints":{"allow":["GET"]}}],"collection":[{"href":"https:\/\/farmaciaschilespa.cl\/index.php\/wp-json\/wp\/v2\/product"}],"about":[{"href":"https:\/\/farmaciaschilespa.cl\/index.php\/wp-json\/wp\/v2\/types\/product"}],"wp:featuredmedia":[{"embeddable":true,"href":"https:\/\/farmaciaschilespa.cl\/index.php\/wp-json\/wp\/v2\/media\/19254"}],"wp:attachment":[{"href":"https:\/\/farmaciaschilespa.cl\/index.php\/wp-json\/wp\/v2\/media?parent=19282"}],"wp:term":[{"taxonomy":"product_brand","embeddable":true,"href":"https:\/\/farmaciaschilespa.cl\/index.php\/wp-json\/wp\/v2\/product_brand?post=19282"},{"taxonomy":"product_cat","embeddable":true,"href":"https:\/\/farmaciaschilespa.cl\/index.php\/wp-json\/wp\/v2\/product_cat?post=19282"},{"taxonomy":"product_tag","embeddable":true,"href":"https:\/\/farmaciaschilespa.cl\/index.php\/wp-json\/wp\/v2\/product_tag?post=19282"}],"curies":[{"name":"wp","href":"https:\/\/api.w.org\/{rel}","templated":true}]}}