{"id":19281,"date":"2022-10-19T17:21:55","date_gmt":"2022-10-19T20:21:55","guid":{"rendered":"https:\/\/farmaciaschilespa.cl\/index.php\/producto\/valupass-x-60-capsulas\/"},"modified":"2026-04-02T09:36:01","modified_gmt":"2026-04-02T12:36:01","slug":"valupass-x-60-capsulas","status":"publish","type":"product","link":"https:\/\/farmaciaschilespa.cl\/index.php\/producto\/valupass-x-60-capsulas\/","title":{"rendered":"VALUPASS X 60 CAPSULAS"},"content":{"rendered":"<p>Posolog\u00eda<br \/>\n1-2 c\u00e1psulas al acostarse<\/p>\n<p>Precauciones<br \/>\nAltas dosis puede provocar n\u00e1useas y v\u00e9rtigos. El uso por tiempo prolongado de este medicamento puede ocasionar trastornos hormonales por las propiedades estrog\u00e9nicas del Humulus Lupulus. Mantener fuera del alcance de los ni\u00f1os. Si no ceden los s\u00edntomas, consulte a su m\u00e9dico. Mantener fuera del alcance de los ni\u00f1os.<\/p>\n","protected":false},"excerpt":{"rendered":"<p>Cada c\u00e1psula contiene:<br \/>\nValeriana officinalis 70 mg<br \/>\nPassiflora coerulea 70 mg<br \/>\nHumulus lupulus 70 mg<\/p>\n","protected":false},"featured_media":19253,"template":"","meta":{"_acf_changed":false},"product_brand":[],"product_cat":[1920,1646,15],"product_tag":[],"class_list":{"0":"post-19281","1":"product","2":"type-product","3":"status-publish","4":"has-post-thumbnail","6":"product_cat-marca","7":"product_cat-venta-directa","8":"product_cat-medicamentos","9":"pa_aviso-legal-descripcion","10":"pa_sub-categoria-laboratorio-knop","12":"first","13":"outofstock","14":"sale","15":"shipping-taxable","16":"purchasable","17":"product-type-simple"},"acf":[],"_links":{"self":[{"href":"https:\/\/farmaciaschilespa.cl\/index.php\/wp-json\/wp\/v2\/product\/19281","targetHints":{"allow":["GET"]}}],"collection":[{"href":"https:\/\/farmaciaschilespa.cl\/index.php\/wp-json\/wp\/v2\/product"}],"about":[{"href":"https:\/\/farmaciaschilespa.cl\/index.php\/wp-json\/wp\/v2\/types\/product"}],"wp:featuredmedia":[{"embeddable":true,"href":"https:\/\/farmaciaschilespa.cl\/index.php\/wp-json\/wp\/v2\/media\/19253"}],"wp:attachment":[{"href":"https:\/\/farmaciaschilespa.cl\/index.php\/wp-json\/wp\/v2\/media?parent=19281"}],"wp:term":[{"taxonomy":"product_brand","embeddable":true,"href":"https:\/\/farmaciaschilespa.cl\/index.php\/wp-json\/wp\/v2\/product_brand?post=19281"},{"taxonomy":"product_cat","embeddable":true,"href":"https:\/\/farmaciaschilespa.cl\/index.php\/wp-json\/wp\/v2\/product_cat?post=19281"},{"taxonomy":"product_tag","embeddable":true,"href":"https:\/\/farmaciaschilespa.cl\/index.php\/wp-json\/wp\/v2\/product_tag?post=19281"}],"curies":[{"name":"wp","href":"https:\/\/api.w.org\/{rel}","templated":true}]}}