{"id":19278,"date":"2022-10-19T17:21:41","date_gmt":"2022-10-19T20:21:41","guid":{"rendered":"https:\/\/farmaciaschilespa.cl\/index.php\/producto\/paltomiel-adulto-jarabe\/"},"modified":"2026-05-12T13:22:38","modified_gmt":"2026-05-12T17:22:38","slug":"paltomiel-adulto-jarabe","status":"publish","type":"product","link":"https:\/\/farmaciaschilespa.cl\/index.php\/producto\/paltomiel-adulto-jarabe\/","title":{"rendered":"PALTOMIEL ADULTO JARABE"},"content":{"rendered":"<p>Posolog\u00eda<br \/>\nLa cantidad recomendadas es 1 cucharada (15 mL) cada 8 horas. Agitar antes de usar.<\/p>\n<p>Precauciones<br \/>\nEste medicamento no debe ser administrado en menores de 12 a\u00f1os a menos que un m\u00e9dico lo indique. Pacientes diab\u00e9ticos: Este medicamento contiene az\u00facar en su formulaci\u00f3n, se debe usar con precauci\u00f3n.<\/p>\n","protected":false},"excerpt":{"rendered":"<p>Cada 100 ml de jarabe contiene:<br \/>\nHoja de palto (equivalente a 19,7 ml de extracto acuoso) 4 gr<br \/>\nHoja de Eucaliptus (equivalente a 19,7 ml de extracto acuoso) 4 gr<br \/>\nSemilla de An\u00eds (equivalente a extracto acuoso de an\u00eds 1,2 g) 1,2 gr<\/p>\n","protected":false},"featured_media":19248,"template":"","meta":{"_acf_changed":false},"product_brand":[],"product_cat":[1920,1646,15],"product_tag":[],"class_list":{"0":"post-19278","1":"product","2":"type-product","3":"status-publish","4":"has-post-thumbnail","6":"product_cat-marca","7":"product_cat-venta-directa","8":"product_cat-medicamentos","9":"pa_aviso-legal-descripcion","10":"pa_sub-categoria-laboratorio-knop","12":"first","13":"instock","14":"sale","15":"shipping-taxable","16":"purchasable","17":"product-type-simple"},"acf":[],"_links":{"self":[{"href":"https:\/\/farmaciaschilespa.cl\/index.php\/wp-json\/wp\/v2\/product\/19278","targetHints":{"allow":["GET"]}}],"collection":[{"href":"https:\/\/farmaciaschilespa.cl\/index.php\/wp-json\/wp\/v2\/product"}],"about":[{"href":"https:\/\/farmaciaschilespa.cl\/index.php\/wp-json\/wp\/v2\/types\/product"}],"wp:featuredmedia":[{"embeddable":true,"href":"https:\/\/farmaciaschilespa.cl\/index.php\/wp-json\/wp\/v2\/media\/19248"}],"wp:attachment":[{"href":"https:\/\/farmaciaschilespa.cl\/index.php\/wp-json\/wp\/v2\/media?parent=19278"}],"wp:term":[{"taxonomy":"product_brand","embeddable":true,"href":"https:\/\/farmaciaschilespa.cl\/index.php\/wp-json\/wp\/v2\/product_brand?post=19278"},{"taxonomy":"product_cat","embeddable":true,"href":"https:\/\/farmaciaschilespa.cl\/index.php\/wp-json\/wp\/v2\/product_cat?post=19278"},{"taxonomy":"product_tag","embeddable":true,"href":"https:\/\/farmaciaschilespa.cl\/index.php\/wp-json\/wp\/v2\/product_tag?post=19278"}],"curies":[{"name":"wp","href":"https:\/\/api.w.org\/{rel}","templated":true}]}}