{"id":19227,"date":"2022-10-18T15:31:49","date_gmt":"2022-10-18T18:31:49","guid":{"rendered":"https:\/\/farmaciaschilespa.cl\/index.php\/producto\/bepantol-unguento-50-gramos\/"},"modified":"2026-04-15T10:07:40","modified_gmt":"2026-04-15T14:07:40","slug":"bepantol-unguento-50-gramos","status":"publish","type":"product","link":"https:\/\/farmaciaschilespa.cl\/index.php\/producto\/bepantol-unguento-50-gramos\/","title":{"rendered":"BEPANTOL UNG\u00dcENTO 50 GRAMOS"},"content":{"rendered":"<p>Posolog\u00eda<br \/>\nCambie constantemente los pa\u00f1ales usados o h\u00famedos. Limpie muy bien el \u00e1rea del pa\u00f1al y deje secar. Aplique el ung\u00fcento abundantemente tan frecuente como sea necesario. Cada vez que cambie el pa\u00f1al, al momento de dormir o cuando haya estado expuesto a prolongados cambios de pa\u00f1al. Posolog\u00eda: 1 o m\u00e1s aplicaciones.<\/p>\n<p>Precauciones<br \/>\nMantener fuera del alcance de los ni\u00f1os. Uso externo.<\/p>\n","protected":false},"excerpt":{"rendered":"<p>Cada 1 gramos de ung\u00fcento contiene:<br \/>\nDexpantenol 50 mg<\/p>\n","protected":false},"featured_media":19235,"template":"","meta":{"_acf_changed":false},"product_brand":[],"product_cat":[1920,1646,15],"product_tag":[],"class_list":{"0":"post-19227","1":"product","2":"type-product","3":"status-publish","4":"has-post-thumbnail","6":"product_cat-marca","7":"product_cat-venta-directa","8":"product_cat-medicamentos","9":"pa_aviso-legal-descripcion","10":"pa_sub-categoria-laboratorio-bayer","12":"first","13":"instock","14":"sale","15":"shipping-taxable","16":"purchasable","17":"product-type-simple"},"acf":[],"_links":{"self":[{"href":"https:\/\/farmaciaschilespa.cl\/index.php\/wp-json\/wp\/v2\/product\/19227","targetHints":{"allow":["GET"]}}],"collection":[{"href":"https:\/\/farmaciaschilespa.cl\/index.php\/wp-json\/wp\/v2\/product"}],"about":[{"href":"https:\/\/farmaciaschilespa.cl\/index.php\/wp-json\/wp\/v2\/types\/product"}],"wp:featuredmedia":[{"embeddable":true,"href":"https:\/\/farmaciaschilespa.cl\/index.php\/wp-json\/wp\/v2\/media\/19235"}],"wp:attachment":[{"href":"https:\/\/farmaciaschilespa.cl\/index.php\/wp-json\/wp\/v2\/media?parent=19227"}],"wp:term":[{"taxonomy":"product_brand","embeddable":true,"href":"https:\/\/farmaciaschilespa.cl\/index.php\/wp-json\/wp\/v2\/product_brand?post=19227"},{"taxonomy":"product_cat","embeddable":true,"href":"https:\/\/farmaciaschilespa.cl\/index.php\/wp-json\/wp\/v2\/product_cat?post=19227"},{"taxonomy":"product_tag","embeddable":true,"href":"https:\/\/farmaciaschilespa.cl\/index.php\/wp-json\/wp\/v2\/product_tag?post=19227"}],"curies":[{"name":"wp","href":"https:\/\/api.w.org\/{rel}","templated":true}]}}