{"id":19219,"date":"2022-10-18T15:31:07","date_gmt":"2022-10-18T18:31:07","guid":{"rendered":"https:\/\/farmaciaschilespa.cl\/index.php\/producto\/cafiaspirina-x-40-comprimidos\/"},"modified":"2026-04-15T10:07:48","modified_gmt":"2026-04-15T14:07:48","slug":"cafiaspirina-x-40-comprimidos","status":"publish","type":"product","link":"https:\/\/farmaciaschilespa.cl\/index.php\/producto\/cafiaspirina-x-40-comprimidos\/","title":{"rendered":"CAFIASPIRINA X 40 COMPRIMIDOS"},"content":{"rendered":"<p>Posolog\u00eda:<br \/>\nPosolog\u00eda y m\u00e9todo de administraci\u00f3n:<br \/>\nLa CAFIASPIRINA no debe ser tomada durante m\u00e1s de 3-5 d\u00edas sin consultar al<br \/>\nm\u00e9dico.<\/p>\n<p>Adultos:<br \/>\n1 a 2 comprimidos de CAFIASPIRINA, a ser repetida en intervalos de 4-8 horas.<br \/>\nUna dosis m\u00e1xima diaria de \u00e1cido acetilsalic\u00edlico no debe exceder los 4 gramos.<\/p>\n<p>Ni\u00f1os:<br \/>\nNo debe ser administrado a ni\u00f1os. En caso de administraci\u00f3n accidental, v\u00e9ase<br \/>\nsecci\u00f3n: \u201cAdvertencias especiales y precauciones de uso\u201d.<\/p>\n<p>M\u00e9todo de administraci\u00f3n:<br \/>\nUso oral. Los comprimidos deben ser preferentemente tomados despu\u00e9s de las<br \/>\ncomidas con mucho l\u00edquido.<\/p>\n<p>Precauciones<br \/>\nAdvertencias especiales y precauciones de uso:<br \/>\nEl \u00e1cido acetilsalic\u00edlico con cafe\u00edna debe ser usado con especial precauci\u00f3n en los<br \/>\nsiguientes casos:<br \/>\n&#8211; Hipersensibilidad a otros analg\u00e9sicos \/ agentes antiinflamatorios \/ antirreum\u00e1ticos y<br \/>\nante la presencia de otras alergias.<br \/>\n&#8211; Existencia de un historial de \u00falceras gastrointestinales, incluyendo \u00falceras cr\u00f3nicas<br \/>\no recurrentes o historial de hemorragia gastrointestinal.<br \/>\n&#8211; Tratamiento concomitante con anticoagulantes (Ver: \u201cInteracciones con otros<br \/>\nproductos medicinales y otras formas de interacci\u00f3n\u201d).<br \/>\n&#8211; Pacientes con funci\u00f3n renal deteriorada o pacientes con funci\u00f3n cardiovascular<br \/>\ndeteriorada. (ej. enfermedad vascular renal, falla cardiaca congestiva, depleci\u00f3n de<br \/>\nvolumen, cirug\u00eda mayor, sepsis o eventos hemorr\u00e1gicos mayores), ya que el \u00e1cido<br \/>\nacetilsalic\u00edlico puede aumentar el riesgo o la insuficiencia renal e insuficiencia renal<br \/>\naguda.<br \/>\n&#8211; Funci\u00f3n hep\u00e1tica deteriorada.<br \/>\n&#8211; Hipertiroidismo.<\/p>\n","protected":false},"excerpt":{"rendered":"<p>Cada comprimido contiene:<br \/>\n\u00c1cido Acetilsalic\u00edlico 0,50 gramos<br \/>\nCafe\u00edna 0,04 gramos<\/p>\n","protected":false},"featured_media":19233,"template":"","meta":{"_acf_changed":false},"product_brand":[],"product_cat":[1920,1646,15],"product_tag":[],"class_list":{"0":"post-19219","1":"product","2":"type-product","3":"status-publish","4":"has-post-thumbnail","6":"product_cat-marca","7":"product_cat-venta-directa","8":"product_cat-medicamentos","9":"pa_aviso-legal-descripcion","10":"pa_sub-categoria-laboratorio-bayer","12":"first","13":"instock","14":"sale","15":"shipping-taxable","16":"purchasable","17":"product-type-simple"},"acf":[],"_links":{"self":[{"href":"https:\/\/farmaciaschilespa.cl\/index.php\/wp-json\/wp\/v2\/product\/19219","targetHints":{"allow":["GET"]}}],"collection":[{"href":"https:\/\/farmaciaschilespa.cl\/index.php\/wp-json\/wp\/v2\/product"}],"about":[{"href":"https:\/\/farmaciaschilespa.cl\/index.php\/wp-json\/wp\/v2\/types\/product"}],"wp:featuredmedia":[{"embeddable":true,"href":"https:\/\/farmaciaschilespa.cl\/index.php\/wp-json\/wp\/v2\/media\/19233"}],"wp:attachment":[{"href":"https:\/\/farmaciaschilespa.cl\/index.php\/wp-json\/wp\/v2\/media?parent=19219"}],"wp:term":[{"taxonomy":"product_brand","embeddable":true,"href":"https:\/\/farmaciaschilespa.cl\/index.php\/wp-json\/wp\/v2\/product_brand?post=19219"},{"taxonomy":"product_cat","embeddable":true,"href":"https:\/\/farmaciaschilespa.cl\/index.php\/wp-json\/wp\/v2\/product_cat?post=19219"},{"taxonomy":"product_tag","embeddable":true,"href":"https:\/\/farmaciaschilespa.cl\/index.php\/wp-json\/wp\/v2\/product_tag?post=19219"}],"curies":[{"name":"wp","href":"https:\/\/api.w.org\/{rel}","templated":true}]}}