{"id":19217,"date":"2022-10-18T15:30:56","date_gmt":"2022-10-18T18:30:56","guid":{"rendered":"https:\/\/farmaciaschilespa.cl\/index.php\/producto\/cardioaspirina-100-mg-x-50-comprimidos\/"},"modified":"2026-05-11T13:16:18","modified_gmt":"2026-05-11T17:16:18","slug":"cardioaspirina-100-mg-x-50-comprimidos","status":"publish","type":"product","link":"https:\/\/farmaciaschilespa.cl\/index.php\/producto\/cardioaspirina-100-mg-x-50-comprimidos\/","title":{"rendered":"CARDIOASPIRINA 100 MG X 50 COMPRIMIDOS"},"content":{"rendered":"<p>Posolog\u00eda<br \/>\nPara v\u00eda oral. Infarto agudo de miocardio: Se administra una dosis inicial de 162 a 325 mg tan pronto como se sospecha el IM. La dosis de mantenimiento de 162 mg a 325 mg diarios se contin\u00faa durante 30 d\u00edas postinfarto. Despu\u00e9s de 30 d\u00edas considerar terapia adicional para la prevenci\u00f3n de infarto de miocardio recurrente. Si los comprimidos con recubrimiento ent\u00e9rico se usan para esta indicaci\u00f3n, la dosis inicial se debe masticar para conseguir una absorci\u00f3n r\u00e1pida. Infarto de miocardio previo: 81 a 325 mg por d\u00eda. Prevenci\u00f3n secundaria de accidente cerebrovascular: 81 a 325 mg por d\u00eda. En pacientes con TIA: 81 a 325 mg por d\u00eda. En pacientes con angina de pecho estable e inestable: 81 a 325 mg por d\u00eda. Prevenci\u00f3n de tromboembolismo despu\u00e9s de intervenci\u00f3n o cirug\u00eda vascular: 81 a 325 mg por d\u00eda. Profilaxis de trombosis venosa profunda y embolia pulmonar: 81 a 200 mg al d\u00eda \u00f3 300 a 325 mg d\u00edas alternos. Reducci\u00f3n del riesgo de un primer infarto de miocardio: 81 a 200 mg al d\u00eda \u00f3 300 a 325 mg d\u00edas alternos. Los comprimidos con recubrimiento ent\u00e9rico deben tomarse preferentemente antes de las comidas, con abundante l\u00edquido.<\/p>\n<p>Precauciones<br \/>\nHable con su m\u00e9dico o farmac\u00e9utico antes de tomar CARDIOASPIRINA 100 EC<\/p>\n<p>Si es al\u00e9rgico a otros medicamentos analg\u00e9sicos, antiinflamatorios o antirreum\u00e1ticos o si sufre de alguna otra alergia;<br \/>\nSi tiene antecedentes de \u00falceras del sistema digestivo (\u00falceras g\u00e1stricas o duodenales) incluyendo enfermedad ulcerosa cr\u00f3nica o recurrente;<br \/>\nSi tiene antecedentes de sangrado en el est\u00f3mago o el intestino (sangrado del sistema digestivo);<br \/>\nSi est\u00e1 tomando anticoagulantes (medicamentos para prevenir los co\u00e1gulos sangu\u00edneos) (consulte \u201cOtros medicamentos y CARDIOASPIRINA 100 EC\u201d);<br \/>\nSi su funci\u00f3n renal o su circulaci\u00f3n cardiovascular est\u00e1 afectada (por ej. enfermedad vascular renal, insuficiencia cardiaca congestiva, depleci\u00f3n de volumen, cirug\u00eda mayor, sepsis o eventos hemorr\u00e1gicos mayores), debido a que el \u00e1cido acetilsalic\u00edlico aumenta a\u00fan m\u00e1s el riesgo de disfunci\u00f3n renal e insuficiencia renal aguda;<br \/>\nSi sufre de deficiencia severa de glucosa-6-fosfato deshidrogenasa (G6PD) (un defecto en la enzima humana), debido a que el \u00e1cido acetilsalic\u00edlico puede causar la destrucci\u00f3n de los gl\u00f3bulos rojos con liberaci\u00f3n de hemoglobina (hem\u00f3lisis o anemia hemol\u00edtica). Los factores que pueden aumentar el riesgo de hem\u00f3lisis son, por ejemplo, dosis altas, fiebre o infecciones agudas;<br \/>\nSi tiene disfunci\u00f3n hep\u00e1tica;<br \/>\nSi est\u00e1 tomando metamizol o f\u00e1rmacos antiinflamatorios no esteroideos (AINEs), como el ibuprofeno y el naproxeno (medicamentos contra el dolor, fiebre o inflamaci\u00f3n) (ver \u201cOtros medicamentos y CARDIOASPIRINA 100 EC\u201d);<\/p>\n","protected":false},"excerpt":{"rendered":"<p>Cada comprimido recubierto contiene:<br \/>\n\u00c1cido Acetilsalic\u00edlico 100 mg<\/p>\n","protected":false},"featured_media":19230,"template":"","meta":{"_acf_changed":false},"product_brand":[],"product_cat":[1920,1646,15],"product_tag":[],"class_list":{"0":"post-19217","1":"product","2":"type-product","3":"status-publish","4":"has-post-thumbnail","6":"product_cat-marca","7":"product_cat-venta-directa","8":"product_cat-medicamentos","9":"pa_aviso-legal-descripcion","10":"pa_sub-categoria-laboratorio-bayer","12":"first","13":"instock","14":"sale","15":"shipping-taxable","16":"purchasable","17":"product-type-simple"},"acf":[],"_links":{"self":[{"href":"https:\/\/farmaciaschilespa.cl\/index.php\/wp-json\/wp\/v2\/product\/19217","targetHints":{"allow":["GET"]}}],"collection":[{"href":"https:\/\/farmaciaschilespa.cl\/index.php\/wp-json\/wp\/v2\/product"}],"about":[{"href":"https:\/\/farmaciaschilespa.cl\/index.php\/wp-json\/wp\/v2\/types\/product"}],"wp:featuredmedia":[{"embeddable":true,"href":"https:\/\/farmaciaschilespa.cl\/index.php\/wp-json\/wp\/v2\/media\/19230"}],"wp:attachment":[{"href":"https:\/\/farmaciaschilespa.cl\/index.php\/wp-json\/wp\/v2\/media?parent=19217"}],"wp:term":[{"taxonomy":"product_brand","embeddable":true,"href":"https:\/\/farmaciaschilespa.cl\/index.php\/wp-json\/wp\/v2\/product_brand?post=19217"},{"taxonomy":"product_cat","embeddable":true,"href":"https:\/\/farmaciaschilespa.cl\/index.php\/wp-json\/wp\/v2\/product_cat?post=19217"},{"taxonomy":"product_tag","embeddable":true,"href":"https:\/\/farmaciaschilespa.cl\/index.php\/wp-json\/wp\/v2\/product_tag?post=19217"}],"curies":[{"name":"wp","href":"https:\/\/api.w.org\/{rel}","templated":true}]}}