{"id":19129,"date":"2022-10-14T16:53:06","date_gmt":"2022-10-14T19:53:06","guid":{"rendered":"https:\/\/farmaciaschilespa.cl\/index.php\/producto\/calcefor-d-x-60-capsulas\/"},"modified":"2026-04-02T09:29:37","modified_gmt":"2026-04-02T12:29:37","slug":"calcefor-d-x-60-capsulas","status":"publish","type":"product","link":"https:\/\/farmaciaschilespa.cl\/index.php\/producto\/calcefor-d-x-60-capsulas\/","title":{"rendered":"CALCEFOR-D X 60 CAPSULAS"},"content":{"rendered":"<p>Posolog\u00eda<\/p>\n<p>El m\u00e9dico debe indicar la posolog\u00eda y el tiempo de tratamiento apropiados a su caso particular. No obstante, la dosis usual recomendada es:<\/p>\n<p>\u2013 Adultos, osteoporosis y d\u00e9ficit c\u00e1lcico en general: 1-3 c\u00e1psulas al d\u00eda.<\/p>\n<p>\u2013 Ni\u00f1os: El profesional m\u00e9dico debe indicarlo espec\u00edficamente, considerando la edad y el estado nutricional.<\/p>\n<p>Precauciones<\/p>\n<p>En pacientes con antecedentes de c\u00e1lculos renales.<\/p>\n<p>En tratamientos cr\u00f3nicos o en pacientes con insuficiencia renal leve o moderada, hipotiroidismo, hiperparatiroidismo, sarcoidosis, mieloma m\u00faltiple o met\u00e1stasis es necesario controlar los niveles de calcio en sangre (calcemia) y en orina (calciuria), ya que presentan mayor riesgo de hipercalcemia.<\/p>\n<p>En pacientes con constipaci\u00f3n (estitiquez), impactaci\u00f3n fecal o hemorroides este medicamento puede exacerbar los s\u00edntomas de estos estados.<\/p>\n<p>En pacientes con indicaci\u00f3n de dosis altas o tratamientos prolongados de calcio, as\u00ed como en pacientes que consumen alimentos ricos en calcio, el riesgo de hipercalcemia aumenta.<\/p>\n","protected":false},"excerpt":{"rendered":"<p>Cada c\u00e1psula contiene:<br \/>\nCalcio (como carbonato) 320mg<br \/>\nVitamina D3 125 UI (3,125 \u00b5g)<\/p>\n","protected":false},"featured_media":19060,"template":"","meta":{"_acf_changed":false},"product_brand":[],"product_cat":[1920,1646,15],"product_tag":[],"class_list":{"0":"post-19129","1":"product","2":"type-product","3":"status-publish","4":"has-post-thumbnail","6":"product_cat-marca","7":"product_cat-venta-directa","8":"product_cat-medicamentos","9":"pa_aviso-legal-descripcion","10":"pa_sub-categoria-laboratorio-chile","12":"first","13":"outofstock","14":"shipping-taxable","15":"purchasable","16":"product-type-simple"},"acf":[],"_links":{"self":[{"href":"https:\/\/farmaciaschilespa.cl\/index.php\/wp-json\/wp\/v2\/product\/19129","targetHints":{"allow":["GET"]}}],"collection":[{"href":"https:\/\/farmaciaschilespa.cl\/index.php\/wp-json\/wp\/v2\/product"}],"about":[{"href":"https:\/\/farmaciaschilespa.cl\/index.php\/wp-json\/wp\/v2\/types\/product"}],"wp:featuredmedia":[{"embeddable":true,"href":"https:\/\/farmaciaschilespa.cl\/index.php\/wp-json\/wp\/v2\/media\/19060"}],"wp:attachment":[{"href":"https:\/\/farmaciaschilespa.cl\/index.php\/wp-json\/wp\/v2\/media?parent=19129"}],"wp:term":[{"taxonomy":"product_brand","embeddable":true,"href":"https:\/\/farmaciaschilespa.cl\/index.php\/wp-json\/wp\/v2\/product_brand?post=19129"},{"taxonomy":"product_cat","embeddable":true,"href":"https:\/\/farmaciaschilespa.cl\/index.php\/wp-json\/wp\/v2\/product_cat?post=19129"},{"taxonomy":"product_tag","embeddable":true,"href":"https:\/\/farmaciaschilespa.cl\/index.php\/wp-json\/wp\/v2\/product_tag?post=19129"}],"curies":[{"name":"wp","href":"https:\/\/api.w.org\/{rel}","templated":true}]}}