{"id":19010,"date":"2022-10-08T13:06:54","date_gmt":"2022-10-08T16:06:54","guid":{"rendered":"https:\/\/farmaciaschilespa.cl\/index.php\/producto\/pepsodent-triple-90-gramos\/"},"modified":"2026-05-12T13:23:45","modified_gmt":"2026-05-12T17:23:45","slug":"pepsodent-triple-90-gramos","status":"publish","type":"product","link":"https:\/\/farmaciaschilespa.cl\/index.php\/producto\/pepsodent-triple-90-gramos\/","title":{"rendered":"PEPSODENT TRIPLE + 90 GRAMOS"},"content":{"rendered":"<p>Consumir con un vaso de agua 1 comprimido o porci\u00f3n justo antes de consumir alg\u00fan alimento que contenga lactosa (como leche u otros l\u00e1cteos). Si la cantidad de lactosa es grande podr\u00eda necesitar tomar 2 comprimidos.<\/p>\n","protected":false},"excerpt":{"rendered":"<p>Contiene 90 gramos de pasta dental<\/p>\n","protected":false},"featured_media":18917,"template":"","meta":{"_acf_changed":false},"product_brand":[],"product_cat":[1817],"product_tag":[],"class_list":{"0":"post-19010","1":"product","2":"type-product","3":"status-publish","4":"has-post-thumbnail","6":"product_cat-higiene-bucal","7":"pa_aviso-legal-descripcion","8":"pa_sub-categoria-laboratorio-dental","10":"first","11":"instock","12":"sale","13":"shipping-taxable","14":"purchasable","15":"product-type-simple"},"acf":[],"_links":{"self":[{"href":"https:\/\/farmaciaschilespa.cl\/index.php\/wp-json\/wp\/v2\/product\/19010","targetHints":{"allow":["GET"]}}],"collection":[{"href":"https:\/\/farmaciaschilespa.cl\/index.php\/wp-json\/wp\/v2\/product"}],"about":[{"href":"https:\/\/farmaciaschilespa.cl\/index.php\/wp-json\/wp\/v2\/types\/product"}],"wp:featuredmedia":[{"embeddable":true,"href":"https:\/\/farmaciaschilespa.cl\/index.php\/wp-json\/wp\/v2\/media\/18917"}],"wp:attachment":[{"href":"https:\/\/farmaciaschilespa.cl\/index.php\/wp-json\/wp\/v2\/media?parent=19010"}],"wp:term":[{"taxonomy":"product_brand","embeddable":true,"href":"https:\/\/farmaciaschilespa.cl\/index.php\/wp-json\/wp\/v2\/product_brand?post=19010"},{"taxonomy":"product_cat","embeddable":true,"href":"https:\/\/farmaciaschilespa.cl\/index.php\/wp-json\/wp\/v2\/product_cat?post=19010"},{"taxonomy":"product_tag","embeddable":true,"href":"https:\/\/farmaciaschilespa.cl\/index.php\/wp-json\/wp\/v2\/product_tag?post=19010"}],"curies":[{"name":"wp","href":"https:\/\/api.w.org\/{rel}","templated":true}]}}