{"id":18737,"date":"2022-10-04T16:36:58","date_gmt":"2022-10-04T19:36:58","guid":{"rendered":"https:\/\/farmaciaschilespa.cl\/index.php\/producto\/gaviscon-doble-accion-susp-menta-150-ml\/"},"modified":"2026-04-14T11:17:44","modified_gmt":"2026-04-14T15:17:44","slug":"gaviscon-doble-accion-susp-menta-150-ml","status":"publish","type":"product","link":"https:\/\/farmaciaschilespa.cl\/index.php\/producto\/gaviscon-doble-accion-susp-menta-150-ml\/","title":{"rendered":"GAVISCON DOBLE ACCION SUSP MENTA 150 ML"},"content":{"rendered":"<p>Posolog\u00eda<br \/>\nAdultos y ni\u00f1os mayores de 12 a\u00f1os:<br \/>\n2 a 4 comprimidos masticables despu\u00e9s de las comidas y al acostarse y hasta 4 veces al d\u00eda.<\/p>\n<p>Precauci\u00f3n<br \/>\nNi\u00f1os menores de 12 a\u00f1os:<br \/>\nAdministraci\u00f3n solo bajo consejo m\u00e9dico.<br \/>\nPrecauci\u00f3n en pacientes con dietas donde est\u00e1 altamente restringida la sal, por ejemplo en insuficiencia card\u00edaca congestiva e insuficiencia renal. Precauci\u00f3n en pacientes con hipercalcemia, nefrocalcinosis o c\u00e1lculos renales calc\u00e1reos recurrentes. Precauci\u00f3n en pacientes en tratamiento con tetraciclinas. Contraindicado en personas con hipersensibilidad a cualquiera de sus componentes.<br \/>\nEnvases conteniendo 8 y 16 comprimidos masticables.<\/p>\n","protected":false},"excerpt":{"rendered":"<p>Cada 10 ml de suspensi\u00f3n oral contiene: Alginato de Sodio 500 mg; Bicarbonato de Sodio 267 mg; Carbonato de Calcio 160 mg.<\/p>\n","protected":false},"featured_media":18717,"template":"","meta":{"_acf_changed":false},"product_brand":[],"product_cat":[1646,15],"product_tag":[],"class_list":{"0":"post-18737","1":"product","2":"type-product","3":"status-publish","4":"has-post-thumbnail","6":"product_cat-venta-directa","7":"product_cat-medicamentos","8":"pa_aviso-legal-descripcion","9":"pa_sub-categoria-laboratorio-anti-acidos","11":"first","12":"outofstock","13":"sale","14":"shipping-taxable","15":"purchasable","16":"product-type-simple"},"acf":[],"_links":{"self":[{"href":"https:\/\/farmaciaschilespa.cl\/index.php\/wp-json\/wp\/v2\/product\/18737","targetHints":{"allow":["GET"]}}],"collection":[{"href":"https:\/\/farmaciaschilespa.cl\/index.php\/wp-json\/wp\/v2\/product"}],"about":[{"href":"https:\/\/farmaciaschilespa.cl\/index.php\/wp-json\/wp\/v2\/types\/product"}],"wp:featuredmedia":[{"embeddable":true,"href":"https:\/\/farmaciaschilespa.cl\/index.php\/wp-json\/wp\/v2\/media\/18717"}],"wp:attachment":[{"href":"https:\/\/farmaciaschilespa.cl\/index.php\/wp-json\/wp\/v2\/media?parent=18737"}],"wp:term":[{"taxonomy":"product_brand","embeddable":true,"href":"https:\/\/farmaciaschilespa.cl\/index.php\/wp-json\/wp\/v2\/product_brand?post=18737"},{"taxonomy":"product_cat","embeddable":true,"href":"https:\/\/farmaciaschilespa.cl\/index.php\/wp-json\/wp\/v2\/product_cat?post=18737"},{"taxonomy":"product_tag","embeddable":true,"href":"https:\/\/farmaciaschilespa.cl\/index.php\/wp-json\/wp\/v2\/product_tag?post=18737"}],"curies":[{"name":"wp","href":"https:\/\/api.w.org\/{rel}","templated":true}]}}