{"id":18734,"date":"2022-10-04T16:36:45","date_gmt":"2022-10-04T19:36:45","guid":{"rendered":"https:\/\/farmaciaschilespa.cl\/index.php\/producto\/acifin-10-comprimidos-masticables\/"},"modified":"2026-04-10T08:59:20","modified_gmt":"2026-04-10T12:59:20","slug":"acifin-10-comprimidos-masticables","status":"publish","type":"product","link":"https:\/\/farmaciaschilespa.cl\/index.php\/producto\/acifin-10-comprimidos-masticables\/","title":{"rendered":"ACIFIN Anti\u00e1cido Magaldrato 480 mg Simeticona 100 mg 10 Comprimidos Masticables"},"content":{"rendered":"<p>Posolog\u00eda<br \/>\nSe recomienda tomar 1 \u00f3 2 comprimidos masticables luego de las comidas. Y puede tambi\u00e9n tomarlo en la noche antes de dormir.<\/p>\n<p>Precauci\u00f3n<br \/>\nUsted no debe tomar este medicamento en los siguientes casos:<br \/>\nEn caso de hipersensibilidad a simeticona, magaldrato o alguno de los componentes de la f\u00f3rmula. En caso de insuficiencia renal grave.<br \/>\nSi al cabo de algunos d\u00edas los s\u00edntomas de la acidez y malestar estomacales contin\u00faan, Ud. debe consultar a su m\u00e9dico. Junto con el uso de Acifin Ud. debe evitar ingerir alimentos que aumenten la formaci\u00f3n de gas, como repollo, granos, legumbres, bebidas gaseosas, etc. Se recomienda usar con precauciones en personas de la tercera edad pues son m\u00e1s susceptibles a experimentar reacciones adversas a los medicamentos, pueden presentar constipaci\u00f3n o problemas intestinales, por lo que deben seguir indicaciones de su m\u00e9dico, durante el uso de este medicamento. No debe ser utilizado por per\u00edodos prolongados. No exceder 15 d\u00edas. Precauci\u00f3n en pacientes con osteoporosis. No ingerir m\u00e1s de 10 comprimidos al d\u00eda.<\/p>\n","protected":false},"excerpt":{"rendered":"<p>Cada comprimido contiene:<br \/>\nMagaldrato 480mg<\/p>\n","protected":false},"featured_media":18718,"template":"","meta":{"_acf_changed":false},"product_brand":[],"product_cat":[1646,15],"product_tag":[],"class_list":{"0":"post-18734","1":"product","2":"type-product","3":"status-publish","4":"has-post-thumbnail","6":"product_cat-venta-directa","7":"product_cat-medicamentos","8":"pa_aviso-legal-descripcion","9":"pa_sub-categoria-laboratorio-anti-acidos","11":"first","12":"instock","13":"sale","14":"shipping-taxable","15":"purchasable","16":"product-type-simple"},"acf":[],"_links":{"self":[{"href":"https:\/\/farmaciaschilespa.cl\/index.php\/wp-json\/wp\/v2\/product\/18734","targetHints":{"allow":["GET"]}}],"collection":[{"href":"https:\/\/farmaciaschilespa.cl\/index.php\/wp-json\/wp\/v2\/product"}],"about":[{"href":"https:\/\/farmaciaschilespa.cl\/index.php\/wp-json\/wp\/v2\/types\/product"}],"wp:featuredmedia":[{"embeddable":true,"href":"https:\/\/farmaciaschilespa.cl\/index.php\/wp-json\/wp\/v2\/media\/18718"}],"wp:attachment":[{"href":"https:\/\/farmaciaschilespa.cl\/index.php\/wp-json\/wp\/v2\/media?parent=18734"}],"wp:term":[{"taxonomy":"product_brand","embeddable":true,"href":"https:\/\/farmaciaschilespa.cl\/index.php\/wp-json\/wp\/v2\/product_brand?post=18734"},{"taxonomy":"product_cat","embeddable":true,"href":"https:\/\/farmaciaschilespa.cl\/index.php\/wp-json\/wp\/v2\/product_cat?post=18734"},{"taxonomy":"product_tag","embeddable":true,"href":"https:\/\/farmaciaschilespa.cl\/index.php\/wp-json\/wp\/v2\/product_tag?post=18734"}],"curies":[{"name":"wp","href":"https:\/\/api.w.org\/{rel}","templated":true}]}}