{"id":18722,"date":"2022-10-04T16:35:56","date_gmt":"2022-10-04T19:35:56","guid":{"rendered":"https:\/\/farmaciaschilespa.cl\/index.php\/producto\/antiax-suspension-180ml\/"},"modified":"2026-04-27T10:12:02","modified_gmt":"2026-04-27T14:12:02","slug":"antiax-suspension-180ml","status":"publish","type":"product","link":"https:\/\/farmaciaschilespa.cl\/index.php\/producto\/antiax-suspension-180ml\/","title":{"rendered":"ANTIAX SUSPENSION 180ML"},"content":{"rendered":"<p>Posolog\u00eda<br \/>\nSe recomienda consumir 1-2 cucharadas de suspensi\u00f3n despu\u00e9s de cada comida.<br \/>\nTambi\u00e9n puede ingerirse en la noche antes de dormir.<\/p>\n<p>Precauci\u00f3n y advertencias<br \/>\nSe recomienda usar con precauciones en personas de la tercera edad pues son m\u00e1s susceptibles a experimentar reacciones adversas a los medicamentos, pueden presentar constipaci\u00f3n o problemas intestinales, por lo que deben seguir indicaciones de su m\u00e9dico, durante el uso de este medicamento. No debe ser utilizado por per\u00edodos prolongados. No exceder 15 d\u00edas. Precauci\u00f3n en pacientes con osteoporosis.<\/p>\n","protected":false},"excerpt":{"rendered":"<p>Cada 5 ml (1 cucharadita) de suspensi\u00f3n oral contienen:<br \/>\nMagaldrato (complejo de hidr\u00f3xido de aluminio y magnesio) 480 mg<br \/>\nSimeticona 100 mg<\/p>\n","protected":false},"featured_media":18700,"template":"","meta":{"_acf_changed":false},"product_brand":[],"product_cat":[1646,15],"product_tag":[],"class_list":{"0":"post-18722","1":"product","2":"type-product","3":"status-publish","4":"has-post-thumbnail","6":"product_cat-venta-directa","7":"product_cat-medicamentos","8":"pa_aviso-legal-descripcion","9":"pa_sub-categoria-laboratorio-anti-acidos","11":"first","12":"instock","13":"sale","14":"shipping-taxable","15":"purchasable","16":"product-type-simple"},"acf":[],"_links":{"self":[{"href":"https:\/\/farmaciaschilespa.cl\/index.php\/wp-json\/wp\/v2\/product\/18722","targetHints":{"allow":["GET"]}}],"collection":[{"href":"https:\/\/farmaciaschilespa.cl\/index.php\/wp-json\/wp\/v2\/product"}],"about":[{"href":"https:\/\/farmaciaschilespa.cl\/index.php\/wp-json\/wp\/v2\/types\/product"}],"wp:featuredmedia":[{"embeddable":true,"href":"https:\/\/farmaciaschilespa.cl\/index.php\/wp-json\/wp\/v2\/media\/18700"}],"wp:attachment":[{"href":"https:\/\/farmaciaschilespa.cl\/index.php\/wp-json\/wp\/v2\/media?parent=18722"}],"wp:term":[{"taxonomy":"product_brand","embeddable":true,"href":"https:\/\/farmaciaschilespa.cl\/index.php\/wp-json\/wp\/v2\/product_brand?post=18722"},{"taxonomy":"product_cat","embeddable":true,"href":"https:\/\/farmaciaschilespa.cl\/index.php\/wp-json\/wp\/v2\/product_cat?post=18722"},{"taxonomy":"product_tag","embeddable":true,"href":"https:\/\/farmaciaschilespa.cl\/index.php\/wp-json\/wp\/v2\/product_tag?post=18722"}],"curies":[{"name":"wp","href":"https:\/\/api.w.org\/{rel}","templated":true}]}}