{"id":18255,"date":"2022-09-21T17:50:03","date_gmt":"2022-09-21T20:50:03","guid":{"rendered":"https:\/\/farmaciaschilespa.cl\/index.php\/producto\/biotina-150-mg-x-60-capsulas\/"},"modified":"2026-05-11T13:20:23","modified_gmt":"2026-05-11T17:20:23","slug":"biotina-150-mg-x-60-capsulas","status":"publish","type":"product","link":"https:\/\/farmaciaschilespa.cl\/index.php\/producto\/biotina-150-mg-x-60-capsulas\/","title":{"rendered":"BIOTINA 150 MG X 60 CAPSULAS"},"content":{"rendered":"<p>Posolog\u00eda<br \/>\nConsumir 1 c\u00e1psula al d\u00eda.<\/p>\n<p>Precauciones<br \/>\nSu uso no es recomendable para consumo por menores de 8 a\u00f1os, embarazadas y nodrizas, salvo indicaci\u00f3n profesional competente y no reemplaza a una alimentaci\u00f3n balanceada.<\/p>\n","protected":false},"excerpt":{"rendered":"<p> Envase contiene 60 c\u00e1psulas de Biotina 150 mg <\/p>\n","protected":false},"featured_media":18236,"template":"","meta":{"_acf_changed":false},"product_brand":[],"product_cat":[1646,1820],"product_tag":[],"class_list":{"0":"post-18255","1":"product","2":"type-product","3":"status-publish","4":"has-post-thumbnail","6":"product_cat-venta-directa","7":"product_cat-vitaminas-y-suplemento","8":"pa_aviso-legal-descripcion","9":"pa_sub-categoria-laboratorio-suplementos-y-naturales","11":"first","12":"instock","13":"sale","14":"shipping-taxable","15":"purchasable","16":"product-type-simple"},"acf":[],"_links":{"self":[{"href":"https:\/\/farmaciaschilespa.cl\/index.php\/wp-json\/wp\/v2\/product\/18255","targetHints":{"allow":["GET"]}}],"collection":[{"href":"https:\/\/farmaciaschilespa.cl\/index.php\/wp-json\/wp\/v2\/product"}],"about":[{"href":"https:\/\/farmaciaschilespa.cl\/index.php\/wp-json\/wp\/v2\/types\/product"}],"wp:featuredmedia":[{"embeddable":true,"href":"https:\/\/farmaciaschilespa.cl\/index.php\/wp-json\/wp\/v2\/media\/18236"}],"wp:attachment":[{"href":"https:\/\/farmaciaschilespa.cl\/index.php\/wp-json\/wp\/v2\/media?parent=18255"}],"wp:term":[{"taxonomy":"product_brand","embeddable":true,"href":"https:\/\/farmaciaschilespa.cl\/index.php\/wp-json\/wp\/v2\/product_brand?post=18255"},{"taxonomy":"product_cat","embeddable":true,"href":"https:\/\/farmaciaschilespa.cl\/index.php\/wp-json\/wp\/v2\/product_cat?post=18255"},{"taxonomy":"product_tag","embeddable":true,"href":"https:\/\/farmaciaschilespa.cl\/index.php\/wp-json\/wp\/v2\/product_tag?post=18255"}],"curies":[{"name":"wp","href":"https:\/\/api.w.org\/{rel}","templated":true}]}}