{"id":18251,"date":"2022-09-21T17:49:47","date_gmt":"2022-09-21T20:49:47","guid":{"rendered":"https:\/\/farmaciaschilespa.cl\/index.php\/producto\/vitamina-c-1000-mg-x-100-comprimidos\/"},"modified":"2026-04-07T09:15:40","modified_gmt":"2026-04-07T13:15:40","slug":"vitamina-c-1000-mg-x-100-comprimidos","status":"publish","type":"product","link":"https:\/\/farmaciaschilespa.cl\/index.php\/producto\/vitamina-c-1000-mg-x-100-comprimidos\/","title":{"rendered":"VITAMINA C 1000 MG X 100 COMPRIMIDOS"},"content":{"rendered":"<p>Posolog\u00eda<br \/>\nTomar m\u00e1ximo 1 comprimido al d\u00eda con un vaso de agua.<\/p>\n<p>Precauciones<br \/>\nNo masticar. Si tiene o ha tenido c\u00e1lculos renales, evite el uso de este producto. Precauci\u00f3n en pacientes con antecedentes de irritaci\u00f3n g\u00e1strica. Descontin\u00fae su uso si presenta malestar gastrointestinal. Su uso no es recomendable para menores de 8 a\u00f1os, embarazadas y nodrizas<\/p>\n","protected":false},"excerpt":{"rendered":"<p> Envase contiene 100 comprimidos sin sabor de Vitamina C 1000 mg <\/p>\n","protected":false},"featured_media":18205,"template":"","meta":{"_acf_changed":false},"product_brand":[],"product_cat":[1646,1820],"product_tag":[],"class_list":{"0":"post-18251","1":"product","2":"type-product","3":"status-publish","4":"has-post-thumbnail","6":"product_cat-venta-directa","7":"product_cat-vitaminas-y-suplemento","8":"pa_aviso-legal-descripcion","9":"pa_sub-categoria-laboratorio-suplementos-y-naturales","11":"first","12":"outofstock","13":"shipping-taxable","14":"purchasable","15":"product-type-simple"},"acf":[],"_links":{"self":[{"href":"https:\/\/farmaciaschilespa.cl\/index.php\/wp-json\/wp\/v2\/product\/18251","targetHints":{"allow":["GET"]}}],"collection":[{"href":"https:\/\/farmaciaschilespa.cl\/index.php\/wp-json\/wp\/v2\/product"}],"about":[{"href":"https:\/\/farmaciaschilespa.cl\/index.php\/wp-json\/wp\/v2\/types\/product"}],"wp:featuredmedia":[{"embeddable":true,"href":"https:\/\/farmaciaschilespa.cl\/index.php\/wp-json\/wp\/v2\/media\/18205"}],"wp:attachment":[{"href":"https:\/\/farmaciaschilespa.cl\/index.php\/wp-json\/wp\/v2\/media?parent=18251"}],"wp:term":[{"taxonomy":"product_brand","embeddable":true,"href":"https:\/\/farmaciaschilespa.cl\/index.php\/wp-json\/wp\/v2\/product_brand?post=18251"},{"taxonomy":"product_cat","embeddable":true,"href":"https:\/\/farmaciaschilespa.cl\/index.php\/wp-json\/wp\/v2\/product_cat?post=18251"},{"taxonomy":"product_tag","embeddable":true,"href":"https:\/\/farmaciaschilespa.cl\/index.php\/wp-json\/wp\/v2\/product_tag?post=18251"}],"curies":[{"name":"wp","href":"https:\/\/api.w.org\/{rel}","templated":true}]}}