{"id":18163,"date":"2022-09-20T18:06:34","date_gmt":"2022-09-20T21:06:34","guid":{"rendered":"https:\/\/farmaciaschilespa.cl\/index.php\/producto\/acnotin-20-mg-x-30-capsulas\/"},"modified":"2026-05-12T13:19:42","modified_gmt":"2026-05-12T17:19:42","slug":"acnotin-20-mg-x-30-capsulas","status":"publish","type":"product","link":"https:\/\/farmaciaschilespa.cl\/index.php\/producto\/acnotin-20-mg-x-30-capsulas\/","title":{"rendered":"Acnotin (B) Isotretinoina 20mg 30 C\u00e1psulas Blandas"},"content":{"rendered":"","protected":false},"excerpt":{"rendered":"<p>Cada c\u00e1psula contiene Isotretino\u00edna 20 mg<\/p>\n","protected":false},"featured_media":18116,"template":"","meta":{"_acf_changed":false},"product_brand":[],"product_cat":[1920,1648,15],"product_tag":[],"class_list":{"0":"post-18163","1":"product","2":"type-product","3":"status-publish","4":"has-post-thumbnail","6":"product_cat-marca","7":"product_cat-receta-retenida","8":"product_cat-medicamentos","9":"pa_aviso-legal-descripcion","10":"pa_sub-categoria-laboratorio-bago","12":"first","13":"outofstock","14":"shipping-taxable","15":"purchasable","16":"product-type-simple"},"acf":[],"_links":{"self":[{"href":"https:\/\/farmaciaschilespa.cl\/index.php\/wp-json\/wp\/v2\/product\/18163","targetHints":{"allow":["GET"]}}],"collection":[{"href":"https:\/\/farmaciaschilespa.cl\/index.php\/wp-json\/wp\/v2\/product"}],"about":[{"href":"https:\/\/farmaciaschilespa.cl\/index.php\/wp-json\/wp\/v2\/types\/product"}],"wp:featuredmedia":[{"embeddable":true,"href":"https:\/\/farmaciaschilespa.cl\/index.php\/wp-json\/wp\/v2\/media\/18116"}],"wp:attachment":[{"href":"https:\/\/farmaciaschilespa.cl\/index.php\/wp-json\/wp\/v2\/media?parent=18163"}],"wp:term":[{"taxonomy":"product_brand","embeddable":true,"href":"https:\/\/farmaciaschilespa.cl\/index.php\/wp-json\/wp\/v2\/product_brand?post=18163"},{"taxonomy":"product_cat","embeddable":true,"href":"https:\/\/farmaciaschilespa.cl\/index.php\/wp-json\/wp\/v2\/product_cat?post=18163"},{"taxonomy":"product_tag","embeddable":true,"href":"https:\/\/farmaciaschilespa.cl\/index.php\/wp-json\/wp\/v2\/product_tag?post=18163"}],"curies":[{"name":"wp","href":"https:\/\/api.w.org\/{rel}","templated":true}]}}