{"id":18079,"date":"2022-09-15T17:24:21","date_gmt":"2022-09-15T20:24:21","guid":{"rendered":"https:\/\/farmaciaschilespa.cl\/index.php\/producto\/hedilar-jarabe-120-ml\/"},"modified":"2026-04-29T10:21:11","modified_gmt":"2026-04-29T14:21:11","slug":"hedilar-jarabe-120-ml","status":"publish","type":"product","link":"https:\/\/farmaciaschilespa.cl\/index.php\/producto\/hedilar-jarabe-120-ml\/","title":{"rendered":"HEDILAR JARABE 120 ML"},"content":{"rendered":"<p>Indicaciones<br \/>\nHedera H\u00e9lix se utiliza para el tratamiento sintom\u00e1tico de tos no productiva (tos seca) y tos productiva (tos con flema) a causa de enfermedades bronquiales inflamatorias. La tos ocasional es una respuesta normal para mantener la garganta y v\u00edas respiratorias despejadas. Un episodio agudo no deber\u00eda durar m\u00e1s de 3 semanas; las causas m\u00e1s comunes son resfr\u00edo, gripe, alergia o infecciones agudas del tracto respiratorio. En cambio, una tos cr\u00f3nica puede deberse a causas como asma, bronquitis cr\u00f3nica, enfermedad por reflujo esof\u00e1gico, fumadores cr\u00f3nicos, entre otras. Si presenta tos persistente o si se acompa\u00f1a de otros s\u00edntomas como fiebre o dificultad para respirar, es recomendable consultar con un m\u00e9dico.<\/p>\n","protected":false},"excerpt":{"rendered":"<p>Cada 100 ml de jarabe contiene:<br \/>\nExtracto seco de Hedera Helix L. 0.700 g (equivalente a no menos de 56 mg de Hederac\u00f3sido C).<\/p>\n","protected":false},"featured_media":18038,"template":"","meta":{"_acf_changed":false},"product_brand":[],"product_cat":[1920,1646,15],"product_tag":[],"class_list":{"0":"post-18079","1":"product","2":"type-product","3":"status-publish","4":"has-post-thumbnail","6":"product_cat-marca","7":"product_cat-venta-directa","8":"product_cat-medicamentos","9":"pa_aviso-legal-descripcion","10":"pa_sub-categoria-laboratorio-andromaco","12":"first","13":"outofstock","14":"shipping-taxable","15":"purchasable","16":"product-type-simple"},"acf":[],"_links":{"self":[{"href":"https:\/\/farmaciaschilespa.cl\/index.php\/wp-json\/wp\/v2\/product\/18079","targetHints":{"allow":["GET"]}}],"collection":[{"href":"https:\/\/farmaciaschilespa.cl\/index.php\/wp-json\/wp\/v2\/product"}],"about":[{"href":"https:\/\/farmaciaschilespa.cl\/index.php\/wp-json\/wp\/v2\/types\/product"}],"wp:featuredmedia":[{"embeddable":true,"href":"https:\/\/farmaciaschilespa.cl\/index.php\/wp-json\/wp\/v2\/media\/18038"}],"wp:attachment":[{"href":"https:\/\/farmaciaschilespa.cl\/index.php\/wp-json\/wp\/v2\/media?parent=18079"}],"wp:term":[{"taxonomy":"product_brand","embeddable":true,"href":"https:\/\/farmaciaschilespa.cl\/index.php\/wp-json\/wp\/v2\/product_brand?post=18079"},{"taxonomy":"product_cat","embeddable":true,"href":"https:\/\/farmaciaschilespa.cl\/index.php\/wp-json\/wp\/v2\/product_cat?post=18079"},{"taxonomy":"product_tag","embeddable":true,"href":"https:\/\/farmaciaschilespa.cl\/index.php\/wp-json\/wp\/v2\/product_tag?post=18079"}],"curies":[{"name":"wp","href":"https:\/\/api.w.org\/{rel}","templated":true}]}}