{"id":18074,"date":"2022-09-15T17:24:05","date_gmt":"2022-09-15T20:24:05","guid":{"rendered":"https:\/\/farmaciaschilespa.cl\/index.php\/producto\/kalmafta-gel-20-gramos\/"},"modified":"2026-05-12T13:22:35","modified_gmt":"2026-05-12T17:22:35","slug":"kalmafta-gel-20-gramos","status":"publish","type":"product","link":"https:\/\/farmaciaschilespa.cl\/index.php\/producto\/kalmafta-gel-20-gramos\/","title":{"rendered":"KALMAFTA GEL 20 GRAMOS"},"content":{"rendered":"<p>Aplicar directamente sobre la mucosa bucal con la ayuda de un algod\u00f3n o gasa para evitar contaminaci\u00f3n bacteriana, y dejar secar. Puede aplicarse hasta 4 veces al d\u00eda si fuese necesario. En los labios aplicar t\u00f3picamente sobre el \u00e1rea afectada sin usar l\u00e1piz labial.<\/p>\n","protected":false},"excerpt":{"rendered":"<p>Cada 100 gramos de gel contienen:<br \/>\nBenzoca\u00edna 5,00 g<br \/>\nCetilpiridinio cloruro 0,50 g<\/p>\n","protected":false},"featured_media":18042,"template":"","meta":{"_acf_changed":false},"product_brand":[],"product_cat":[1920,1646,15],"product_tag":[],"class_list":{"0":"post-18074","1":"product","2":"type-product","3":"status-publish","4":"has-post-thumbnail","6":"product_cat-marca","7":"product_cat-venta-directa","8":"product_cat-medicamentos","9":"pa_aviso-legal-descripcion","10":"pa_sub-categoria-laboratorio-andromaco","12":"first","13":"instock","14":"sale","15":"shipping-taxable","16":"purchasable","17":"product-type-simple"},"acf":[],"_links":{"self":[{"href":"https:\/\/farmaciaschilespa.cl\/index.php\/wp-json\/wp\/v2\/product\/18074","targetHints":{"allow":["GET"]}}],"collection":[{"href":"https:\/\/farmaciaschilespa.cl\/index.php\/wp-json\/wp\/v2\/product"}],"about":[{"href":"https:\/\/farmaciaschilespa.cl\/index.php\/wp-json\/wp\/v2\/types\/product"}],"wp:featuredmedia":[{"embeddable":true,"href":"https:\/\/farmaciaschilespa.cl\/index.php\/wp-json\/wp\/v2\/media\/18042"}],"wp:attachment":[{"href":"https:\/\/farmaciaschilespa.cl\/index.php\/wp-json\/wp\/v2\/media?parent=18074"}],"wp:term":[{"taxonomy":"product_brand","embeddable":true,"href":"https:\/\/farmaciaschilespa.cl\/index.php\/wp-json\/wp\/v2\/product_brand?post=18074"},{"taxonomy":"product_cat","embeddable":true,"href":"https:\/\/farmaciaschilespa.cl\/index.php\/wp-json\/wp\/v2\/product_cat?post=18074"},{"taxonomy":"product_tag","embeddable":true,"href":"https:\/\/farmaciaschilespa.cl\/index.php\/wp-json\/wp\/v2\/product_tag?post=18074"}],"curies":[{"name":"wp","href":"https:\/\/api.w.org\/{rel}","templated":true}]}}