{"id":18073,"date":"2022-09-15T17:24:02","date_gmt":"2022-09-15T20:24:02","guid":{"rendered":"https:\/\/farmaciaschilespa.cl\/index.php\/producto\/flapex-gotas-4-15-ml\/"},"modified":"2026-04-15T10:08:55","modified_gmt":"2026-04-15T14:08:55","slug":"flapex-gotas-4-15-ml","status":"publish","type":"product","link":"https:\/\/farmaciaschilespa.cl\/index.php\/producto\/flapex-gotas-4-15-ml\/","title":{"rendered":"FLAPEX GOTAS 4% 15 ML"},"content":{"rendered":"<p>Las cantidades recomendadas son: Menores de 2 a\u00f1os: 15 gotas cuatro veces al d\u00eda. Entre 2 y 12 a\u00f1os: 30 gotas cuatro veces al d\u00eda. Mayores de 12 a\u00f1os y adultos: 1-2 comprimidos cuatro veces al d\u00eda. La presentaci\u00f3n en gotas puede tomarse directamente, con agua o en la mamadera.<\/p>\n","protected":false},"excerpt":{"rendered":"<p>Cada 100 ml de suspensi\u00f3n oral para gotas contiene:<br \/>\nSimeticona 4,0 gramos<\/p>\n","protected":false},"featured_media":18024,"template":"","meta":{"_acf_changed":false},"product_brand":[],"product_cat":[1920,1646,15],"product_tag":[],"class_list":{"0":"post-18073","1":"product","2":"type-product","3":"status-publish","4":"has-post-thumbnail","6":"product_cat-marca","7":"product_cat-venta-directa","8":"product_cat-medicamentos","9":"pa_aviso-legal-descripcion","10":"pa_sub-categoria-laboratorio-andromaco","12":"first","13":"instock","14":"sale","15":"shipping-taxable","16":"purchasable","17":"product-type-simple"},"acf":[],"_links":{"self":[{"href":"https:\/\/farmaciaschilespa.cl\/index.php\/wp-json\/wp\/v2\/product\/18073","targetHints":{"allow":["GET"]}}],"collection":[{"href":"https:\/\/farmaciaschilespa.cl\/index.php\/wp-json\/wp\/v2\/product"}],"about":[{"href":"https:\/\/farmaciaschilespa.cl\/index.php\/wp-json\/wp\/v2\/types\/product"}],"wp:featuredmedia":[{"embeddable":true,"href":"https:\/\/farmaciaschilespa.cl\/index.php\/wp-json\/wp\/v2\/media\/18024"}],"wp:attachment":[{"href":"https:\/\/farmaciaschilespa.cl\/index.php\/wp-json\/wp\/v2\/media?parent=18073"}],"wp:term":[{"taxonomy":"product_brand","embeddable":true,"href":"https:\/\/farmaciaschilespa.cl\/index.php\/wp-json\/wp\/v2\/product_brand?post=18073"},{"taxonomy":"product_cat","embeddable":true,"href":"https:\/\/farmaciaschilespa.cl\/index.php\/wp-json\/wp\/v2\/product_cat?post=18073"},{"taxonomy":"product_tag","embeddable":true,"href":"https:\/\/farmaciaschilespa.cl\/index.php\/wp-json\/wp\/v2\/product_tag?post=18073"}],"curies":[{"name":"wp","href":"https:\/\/api.w.org\/{rel}","templated":true}]}}