{"id":18068,"date":"2022-09-15T17:23:42","date_gmt":"2022-09-15T20:23:42","guid":{"rendered":"https:\/\/farmaciaschilespa.cl\/index.php\/producto\/num-zit-10-mg-x-30-comprimidos\/"},"modified":"2026-04-14T11:20:16","modified_gmt":"2026-04-14T15:20:16","slug":"num-zit-10-mg-x-30-comprimidos","status":"publish","type":"product","link":"https:\/\/farmaciaschilespa.cl\/index.php\/producto\/num-zit-10-mg-x-30-comprimidos\/","title":{"rendered":"NUM-ZIT 10 MG X 30 COMPRIMIDOS"},"content":{"rendered":"<p>Indicado para el tratamiento de los estados carenciales de zinc por escaso aporte o mala absorci\u00f3n intestinal y otras condiciones que interfieren con su utilizaci\u00f3n o que aumentan su p\u00e9rdida corporal, previa determinaci\u00f3n de los niveles plasm\u00e1ticos de zinc. Estados que requieran una protecci\u00f3n espec\u00edfica como: etapa de crecimiento, desarrollo esquel\u00e9tico, intervenci\u00f3n quir\u00fargica, d\u00e9ficit nutricional, alimentaci\u00f3n no balanceada y d\u00e9ficit de zinc. Coadyuvante en la terapia de hipogonadismo e hipotiroidismo.<\/p>\n","protected":false},"excerpt":{"rendered":"<p>Cada comprimido ranurado contiene:<br \/>\nZinc (como sulfato heptahidratado) 10 mg<\/p>\n","protected":false},"featured_media":18044,"template":"","meta":{"_acf_changed":false},"product_brand":[],"product_cat":[1920,1646,15],"product_tag":[],"class_list":{"0":"post-18068","1":"product","2":"type-product","3":"status-publish","4":"has-post-thumbnail","6":"product_cat-marca","7":"product_cat-venta-directa","8":"product_cat-medicamentos","9":"pa_aviso-legal-descripcion","10":"pa_sub-categoria-laboratorio-andromaco","12":"first","13":"outofstock","14":"shipping-taxable","15":"purchasable","16":"product-type-simple"},"acf":[],"_links":{"self":[{"href":"https:\/\/farmaciaschilespa.cl\/index.php\/wp-json\/wp\/v2\/product\/18068","targetHints":{"allow":["GET"]}}],"collection":[{"href":"https:\/\/farmaciaschilespa.cl\/index.php\/wp-json\/wp\/v2\/product"}],"about":[{"href":"https:\/\/farmaciaschilespa.cl\/index.php\/wp-json\/wp\/v2\/types\/product"}],"wp:featuredmedia":[{"embeddable":true,"href":"https:\/\/farmaciaschilespa.cl\/index.php\/wp-json\/wp\/v2\/media\/18044"}],"wp:attachment":[{"href":"https:\/\/farmaciaschilespa.cl\/index.php\/wp-json\/wp\/v2\/media?parent=18068"}],"wp:term":[{"taxonomy":"product_brand","embeddable":true,"href":"https:\/\/farmaciaschilespa.cl\/index.php\/wp-json\/wp\/v2\/product_brand?post=18068"},{"taxonomy":"product_cat","embeddable":true,"href":"https:\/\/farmaciaschilespa.cl\/index.php\/wp-json\/wp\/v2\/product_cat?post=18068"},{"taxonomy":"product_tag","embeddable":true,"href":"https:\/\/farmaciaschilespa.cl\/index.php\/wp-json\/wp\/v2\/product_tag?post=18068"}],"curies":[{"name":"wp","href":"https:\/\/api.w.org\/{rel}","templated":true}]}}