{"id":18054,"date":"2022-09-15T17:22:58","date_gmt":"2022-09-15T20:22:58","guid":{"rendered":"https:\/\/farmaciaschilespa.cl\/index.php\/producto\/predual-10-comprimidos\/"},"modified":"2026-04-17T14:13:26","modified_gmt":"2026-04-17T18:13:26","slug":"predual-10-comprimidos","status":"publish","type":"product","link":"https:\/\/farmaciaschilespa.cl\/index.php\/producto\/predual-10-comprimidos\/","title":{"rendered":"PREDUAL 10 COMPRIMIDOS"},"content":{"rendered":"<p>Posolog\u00eda<br \/>\nLa dosis recomendada durante el periodo premenstrual es 1 comprimido cada 8 horas, comenzando 2 a 5 d\u00edas antes de la menstruaci\u00f3n hasta el alivio de las molestias. Durante el periodo menstrual se recomiendan 2 comprimidos al inicio y luego continuar con 1 comprimido cada 8 horas hasta el alivio de las molestias. Nunca sobrepase los 4 gramos de paracetamol al d\u00eda. Preste especial atenci\u00f3n si utiliza m\u00e1s de un medicamento que contenga paracetamol, como ciertos medicamentos para el dolor, fiebre u otros antigripales Si lo hace, la dosis de paracetamol puede producir efectos adversos.<\/p>\n","protected":false},"excerpt":{"rendered":"<p>Cada comprimido contiene:<br \/>\nPamabron 25 mg<br \/>\nMepiramina maleato 15 mg<br \/>\nParacetamol 500 mg<\/p>\n","protected":false},"featured_media":18005,"template":"","meta":{"_acf_changed":false},"product_brand":[],"product_cat":[1920,1646,15],"product_tag":[],"class_list":{"0":"post-18054","1":"product","2":"type-product","3":"status-publish","4":"has-post-thumbnail","6":"product_cat-marca","7":"product_cat-venta-directa","8":"product_cat-medicamentos","9":"pa_aviso-legal-descripcion","10":"pa_sub-categoria-laboratorio-andromaco","12":"first","13":"instock","14":"sale","15":"shipping-taxable","16":"purchasable","17":"product-type-simple"},"acf":[],"_links":{"self":[{"href":"https:\/\/farmaciaschilespa.cl\/index.php\/wp-json\/wp\/v2\/product\/18054","targetHints":{"allow":["GET"]}}],"collection":[{"href":"https:\/\/farmaciaschilespa.cl\/index.php\/wp-json\/wp\/v2\/product"}],"about":[{"href":"https:\/\/farmaciaschilespa.cl\/index.php\/wp-json\/wp\/v2\/types\/product"}],"wp:featuredmedia":[{"embeddable":true,"href":"https:\/\/farmaciaschilespa.cl\/index.php\/wp-json\/wp\/v2\/media\/18005"}],"wp:attachment":[{"href":"https:\/\/farmaciaschilespa.cl\/index.php\/wp-json\/wp\/v2\/media?parent=18054"}],"wp:term":[{"taxonomy":"product_brand","embeddable":true,"href":"https:\/\/farmaciaschilespa.cl\/index.php\/wp-json\/wp\/v2\/product_brand?post=18054"},{"taxonomy":"product_cat","embeddable":true,"href":"https:\/\/farmaciaschilespa.cl\/index.php\/wp-json\/wp\/v2\/product_cat?post=18054"},{"taxonomy":"product_tag","embeddable":true,"href":"https:\/\/farmaciaschilespa.cl\/index.php\/wp-json\/wp\/v2\/product_tag?post=18054"}],"curies":[{"name":"wp","href":"https:\/\/api.w.org\/{rel}","templated":true}]}}