{"id":18053,"date":"2022-09-15T17:22:55","date_gmt":"2022-09-15T20:22:55","guid":{"rendered":"https:\/\/farmaciaschilespa.cl\/index.php\/producto\/hipoglos-20-gramos\/"},"modified":"2026-04-02T09:32:10","modified_gmt":"2026-04-02T12:32:10","slug":"hipoglos-20-gramos","status":"publish","type":"product","link":"https:\/\/farmaciaschilespa.cl\/index.php\/producto\/hipoglos-20-gramos\/","title":{"rendered":"HIPOGLOS 20 GRAMOS"},"content":{"rendered":"<p>Prevenci\u00f3n y tratamiento de la dermatitis del pa\u00f1al. Tratamiento de infecciones mic\u00f3ticas cut\u00e1neas y ungulares producidas por Candida albicans y otros organismos similares (int\u00e9rtrigos y grietas del pez\u00f3n, vulvitis, balanitis, micosis interdigitales, perionixis y onixis).<\/p>\n","protected":false},"excerpt":{"rendered":"<p>Cada 100 gramos de pomada contienen:<br \/>\nAceite de hipogl\u00f3s 10 gramos<br \/>\n(Vitamina A 500.000 UI y Vitamina D2 62.500 UI)<br \/>\n\u00d3xido de zinc 15 gramos<\/p>\n","protected":false},"featured_media":18006,"template":"","meta":{"_acf_changed":false},"product_brand":[],"product_cat":[1821],"product_tag":[],"class_list":{"0":"post-18053","1":"product","2":"type-product","3":"status-publish","4":"has-post-thumbnail","6":"product_cat-nutricion-adulto","7":"pa_aviso-legal-descripcion","8":"pa_sub-categoria-laboratorio-andromaco","10":"first","11":"outofstock","12":"shipping-taxable","13":"purchasable","14":"product-type-simple"},"acf":[],"_links":{"self":[{"href":"https:\/\/farmaciaschilespa.cl\/index.php\/wp-json\/wp\/v2\/product\/18053","targetHints":{"allow":["GET"]}}],"collection":[{"href":"https:\/\/farmaciaschilespa.cl\/index.php\/wp-json\/wp\/v2\/product"}],"about":[{"href":"https:\/\/farmaciaschilespa.cl\/index.php\/wp-json\/wp\/v2\/types\/product"}],"wp:featuredmedia":[{"embeddable":true,"href":"https:\/\/farmaciaschilespa.cl\/index.php\/wp-json\/wp\/v2\/media\/18006"}],"wp:attachment":[{"href":"https:\/\/farmaciaschilespa.cl\/index.php\/wp-json\/wp\/v2\/media?parent=18053"}],"wp:term":[{"taxonomy":"product_brand","embeddable":true,"href":"https:\/\/farmaciaschilespa.cl\/index.php\/wp-json\/wp\/v2\/product_brand?post=18053"},{"taxonomy":"product_cat","embeddable":true,"href":"https:\/\/farmaciaschilespa.cl\/index.php\/wp-json\/wp\/v2\/product_cat?post=18053"},{"taxonomy":"product_tag","embeddable":true,"href":"https:\/\/farmaciaschilespa.cl\/index.php\/wp-json\/wp\/v2\/product_tag?post=18053"}],"curies":[{"name":"wp","href":"https:\/\/api.w.org\/{rel}","templated":true}]}}