{"id":17913,"date":"2022-09-09T17:42:01","date_gmt":"2022-09-09T21:42:01","guid":{"rendered":"https:\/\/farmaciaschilespa.cl\/index.php\/producto\/hiperflex-ud-35-sobres\/"},"modified":"2025-01-21T15:18:53","modified_gmt":"2025-01-21T18:18:53","slug":"hiperflex-ud-35-sobres","status":"publish","type":"product","link":"https:\/\/farmaciaschilespa.cl\/index.php\/producto\/hiperflex-ud-35-sobres\/","title":{"rendered":"HIPERFLEX UD 35 SOBRES"},"content":{"rendered":"<p>INDICACIONES<\/p>\n<p>Coadyuvante en el tratamiento de la artrosis leve a moderada.<\/p>\n<p>POSOLOGIA Y FORMA DE ADMINISTRACION<\/p>\n<p>La dosis usual recomendada es:<\/p>\n<p>Adultos, incluyendo ancianos y ni\u00f1os mayores de 16 a\u00f1os: 1 sobre al d\u00eda.<\/p>\n<p>Este medicamento se debe administrar por v\u00eda oral, disolviendo el contenido de un sobre en medio vaso de agua. Se recomienda beberlo preferentemente junto con los alimentos. Si se olvida una dosis tomarla lo antes posible, pero no hacerlo si falta poco tiempo para la dosis siguiente.<\/p>\n","protected":false},"excerpt":{"rendered":"<p>Cada sobre con polvo contiene:<br \/>\nGlucosamina sulfato 1,5 gramos<\/p>\n<p>Sulfato de Condroitina 1,2 gramos<\/p>\n","protected":false},"featured_media":17869,"template":"","meta":{"_acf_changed":false},"product_brand":[],"product_cat":[1920,1646,15],"product_tag":[],"class_list":{"0":"post-17913","1":"product","2":"type-product","3":"status-publish","4":"has-post-thumbnail","6":"product_cat-marca","7":"product_cat-venta-directa","8":"product_cat-medicamentos","9":"pa_aviso-legal-descripcion","10":"pa_sub-categoria-laboratorio-abbott","12":"first","13":"outofstock","14":"shipping-taxable","15":"purchasable","16":"product-type-simple"},"acf":[],"_links":{"self":[{"href":"https:\/\/farmaciaschilespa.cl\/index.php\/wp-json\/wp\/v2\/product\/17913","targetHints":{"allow":["GET"]}}],"collection":[{"href":"https:\/\/farmaciaschilespa.cl\/index.php\/wp-json\/wp\/v2\/product"}],"about":[{"href":"https:\/\/farmaciaschilespa.cl\/index.php\/wp-json\/wp\/v2\/types\/product"}],"wp:featuredmedia":[{"embeddable":true,"href":"https:\/\/farmaciaschilespa.cl\/index.php\/wp-json\/wp\/v2\/media\/17869"}],"wp:attachment":[{"href":"https:\/\/farmaciaschilespa.cl\/index.php\/wp-json\/wp\/v2\/media?parent=17913"}],"wp:term":[{"taxonomy":"product_brand","embeddable":true,"href":"https:\/\/farmaciaschilespa.cl\/index.php\/wp-json\/wp\/v2\/product_brand?post=17913"},{"taxonomy":"product_cat","embeddable":true,"href":"https:\/\/farmaciaschilespa.cl\/index.php\/wp-json\/wp\/v2\/product_cat?post=17913"},{"taxonomy":"product_tag","embeddable":true,"href":"https:\/\/farmaciaschilespa.cl\/index.php\/wp-json\/wp\/v2\/product_tag?post=17913"}],"curies":[{"name":"wp","href":"https:\/\/api.w.org\/{rel}","templated":true}]}}