{"id":17898,"date":"2022-09-09T17:41:10","date_gmt":"2022-09-09T21:41:10","guid":{"rendered":"https:\/\/farmaciaschilespa.cl\/index.php\/producto\/egogyn-1000-ui-30-capsulas\/"},"modified":"2026-04-27T10:13:15","modified_gmt":"2026-04-27T14:13:15","slug":"egogyn-1000-ui-30-capsulas","status":"publish","type":"product","link":"https:\/\/farmaciaschilespa.cl\/index.php\/producto\/egogyn-1000-ui-30-capsulas\/","title":{"rendered":"EGOGYN 1000 UI 30 CAPSULAS"},"content":{"rendered":"<p>INDICACIONES<\/p>\n<p>Tratamiento y profilaxis de la deficiencia de vitamina E.<\/p>\n<p>POSOLOGIA Y FORMA DE ADMINISTRACION<\/p>\n<p>La dosis usual recomendada es:<\/p>\n<p>Adultos: 1 o 2 c\u00e1psulas al d\u00eda, administradas por v\u00eda oral, con la ayuda de un vaso de agua, en conjunto con las comidas o despu\u00e9s de estas.<\/p>\n<p>CONTRAINDICACIONES<\/p>\n<p>&#8211; Antecedentes de hipersensibilidad a la vitamina E o a cualquiera de los componentes de la formulaci\u00f3n.<\/p>\n<p>&#8211; Insuficiencia hep\u00e1tica severa.<\/p>\n<p>&#8211; Insuficiencia renal severa.<\/p>\n<p>&#8211; S\u00edndrome diarreico de etiolog\u00eda no aclarada.<\/p>\n","protected":false},"excerpt":{"rendered":"<p>Cada c\u00e1psula blanda contiene Vitamina E 1.000 UI (dl-alfa tocoferil acetato 1000 mg)<\/p>\n","protected":false},"featured_media":17856,"template":"","meta":{"_acf_changed":false},"product_brand":[],"product_cat":[1920,1646,15],"product_tag":[],"class_list":{"0":"post-17898","1":"product","2":"type-product","3":"status-publish","4":"has-post-thumbnail","6":"product_cat-marca","7":"product_cat-venta-directa","8":"product_cat-medicamentos","9":"pa_aviso-legal-descripcion","10":"pa_sub-categoria-laboratorio-abbott","12":"first","13":"outofstock","14":"sale","15":"shipping-taxable","16":"purchasable","17":"product-type-simple"},"acf":[],"_links":{"self":[{"href":"https:\/\/farmaciaschilespa.cl\/index.php\/wp-json\/wp\/v2\/product\/17898","targetHints":{"allow":["GET"]}}],"collection":[{"href":"https:\/\/farmaciaschilespa.cl\/index.php\/wp-json\/wp\/v2\/product"}],"about":[{"href":"https:\/\/farmaciaschilespa.cl\/index.php\/wp-json\/wp\/v2\/types\/product"}],"wp:featuredmedia":[{"embeddable":true,"href":"https:\/\/farmaciaschilespa.cl\/index.php\/wp-json\/wp\/v2\/media\/17856"}],"wp:attachment":[{"href":"https:\/\/farmaciaschilespa.cl\/index.php\/wp-json\/wp\/v2\/media?parent=17898"}],"wp:term":[{"taxonomy":"product_brand","embeddable":true,"href":"https:\/\/farmaciaschilespa.cl\/index.php\/wp-json\/wp\/v2\/product_brand?post=17898"},{"taxonomy":"product_cat","embeddable":true,"href":"https:\/\/farmaciaschilespa.cl\/index.php\/wp-json\/wp\/v2\/product_cat?post=17898"},{"taxonomy":"product_tag","embeddable":true,"href":"https:\/\/farmaciaschilespa.cl\/index.php\/wp-json\/wp\/v2\/product_tag?post=17898"}],"curies":[{"name":"wp","href":"https:\/\/api.w.org\/{rel}","templated":true}]}}