{"id":17892,"date":"2022-09-09T17:40:49","date_gmt":"2022-09-09T21:40:49","guid":{"rendered":"https:\/\/farmaciaschilespa.cl\/index.php\/producto\/congestex-jarabe-120-ml\/"},"modified":"2026-04-23T09:47:48","modified_gmt":"2026-04-23T13:47:48","slug":"congestex-jarabe-120-ml","status":"publish","type":"product","link":"https:\/\/farmaciaschilespa.cl\/index.php\/producto\/congestex-jarabe-120-ml\/","title":{"rendered":"CONGESTEX JARABE 120 ML"},"content":{"rendered":"","protected":false},"excerpt":{"rendered":"<p>Cada 5 ml de suspensi\u00f3n oral contiene Paracetamol 100 mg, Pseudoefedrina 15 mg, Noscapina 1.1 mg, \u00c1cido Asc\u00f3rbico (Vitamina C) 25 mg.<\/p>\n","protected":false},"featured_media":17851,"template":"","meta":{"_acf_changed":false},"product_brand":[],"product_cat":[1920,1647,15],"product_tag":[],"class_list":{"0":"post-17892","1":"product","2":"type-product","3":"status-publish","4":"has-post-thumbnail","6":"product_cat-marca","7":"product_cat-receta-simple","8":"product_cat-medicamentos","9":"pa_aviso-legal-descripcion","10":"pa_sub-categoria-laboratorio-abbott","12":"first","13":"outofstock","14":"sale","15":"shipping-taxable","16":"purchasable","17":"product-type-simple"},"acf":[],"_links":{"self":[{"href":"https:\/\/farmaciaschilespa.cl\/index.php\/wp-json\/wp\/v2\/product\/17892","targetHints":{"allow":["GET"]}}],"collection":[{"href":"https:\/\/farmaciaschilespa.cl\/index.php\/wp-json\/wp\/v2\/product"}],"about":[{"href":"https:\/\/farmaciaschilespa.cl\/index.php\/wp-json\/wp\/v2\/types\/product"}],"wp:featuredmedia":[{"embeddable":true,"href":"https:\/\/farmaciaschilespa.cl\/index.php\/wp-json\/wp\/v2\/media\/17851"}],"wp:attachment":[{"href":"https:\/\/farmaciaschilespa.cl\/index.php\/wp-json\/wp\/v2\/media?parent=17892"}],"wp:term":[{"taxonomy":"product_brand","embeddable":true,"href":"https:\/\/farmaciaschilespa.cl\/index.php\/wp-json\/wp\/v2\/product_brand?post=17892"},{"taxonomy":"product_cat","embeddable":true,"href":"https:\/\/farmaciaschilespa.cl\/index.php\/wp-json\/wp\/v2\/product_cat?post=17892"},{"taxonomy":"product_tag","embeddable":true,"href":"https:\/\/farmaciaschilespa.cl\/index.php\/wp-json\/wp\/v2\/product_tag?post=17892"}],"curies":[{"name":"wp","href":"https:\/\/api.w.org\/{rel}","templated":true}]}}