{"id":16760,"date":"2022-08-09T15:57:42","date_gmt":"2022-08-09T19:57:42","guid":{"rendered":"http:\/\/farmaciaschile.srtv.cl\/index.php\/producto\/omeprazol-20-mg-x-60-capsulas\/"},"modified":"2026-04-10T09:01:59","modified_gmt":"2026-04-10T13:01:59","slug":"omeprazol-20-mg-x-60-capsulas","status":"publish","type":"product","link":"https:\/\/farmaciaschilespa.cl\/index.php\/producto\/omeprazol-20-mg-x-60-capsulas\/","title":{"rendered":"OMEPRAZOL 20 MG X 60 CAPSULAS"},"content":{"rendered":"","protected":false},"excerpt":{"rendered":"<p>Cada c\u00e1psula con gr\u00e1nulos con recubrimiento ent\u00e9rico contiene Omeprazol 20 mg<\/p>\n","protected":false},"featured_media":16117,"template":"","meta":{"_acf_changed":false},"product_brand":[],"product_cat":[1918,1647,15],"product_tag":[],"class_list":{"0":"post-16760","1":"product","2":"type-product","3":"status-publish","4":"has-post-thumbnail","6":"product_cat-genericos","7":"product_cat-receta-simple","8":"product_cat-medicamentos","9":"pa_aviso-legal-descripcion","10":"pa_sub-categoria-laboratorio-petitorio-minimo","12":"first","13":"instock","14":"sale","15":"shipping-taxable","16":"purchasable","17":"product-type-simple"},"acf":[],"_links":{"self":[{"href":"https:\/\/farmaciaschilespa.cl\/index.php\/wp-json\/wp\/v2\/product\/16760","targetHints":{"allow":["GET"]}}],"collection":[{"href":"https:\/\/farmaciaschilespa.cl\/index.php\/wp-json\/wp\/v2\/product"}],"about":[{"href":"https:\/\/farmaciaschilespa.cl\/index.php\/wp-json\/wp\/v2\/types\/product"}],"wp:featuredmedia":[{"embeddable":true,"href":"https:\/\/farmaciaschilespa.cl\/index.php\/wp-json\/wp\/v2\/media\/16117"}],"wp:attachment":[{"href":"https:\/\/farmaciaschilespa.cl\/index.php\/wp-json\/wp\/v2\/media?parent=16760"}],"wp:term":[{"taxonomy":"product_brand","embeddable":true,"href":"https:\/\/farmaciaschilespa.cl\/index.php\/wp-json\/wp\/v2\/product_brand?post=16760"},{"taxonomy":"product_cat","embeddable":true,"href":"https:\/\/farmaciaschilespa.cl\/index.php\/wp-json\/wp\/v2\/product_cat?post=16760"},{"taxonomy":"product_tag","embeddable":true,"href":"https:\/\/farmaciaschilespa.cl\/index.php\/wp-json\/wp\/v2\/product_tag?post=16760"}],"curies":[{"name":"wp","href":"https:\/\/api.w.org\/{rel}","templated":true}]}}